{"id":9,"date":"2025-04-20T16:51:28","date_gmt":"2025-04-20T16:51:28","guid":{"rendered":"http:\/\/mystufshop.com\/?page_id=9"},"modified":"2025-04-20T16:51:31","modified_gmt":"2025-04-20T16:51:31","slug":"refund_returns","status":"publish","type":"page","link":"https:\/\/www.mystufshop.com\/?page_id=9","title":{"rendered":"CVG"},"content":{"rendered":"\n<ol class=\"wp-block-list\">\n<li>Champ d\u2019Application<br>Les pr\u00e9sentes Conditions G\u00e9n\u00e9rales de Vente s\u2019appliquent \u00e0 toutes les commandes pass\u00e9es sur le site web de Mystufshop www.Mystufshop.com .<\/li>\n\n\n\n<li>Commandes et Contrats<br>En passant une commande, le client accepte de se conformer \u00e0 ces Conditions G\u00e9n\u00e9rales de Vente. Les contrats sont consid\u00e9r\u00e9s comme conclus lorsque Mystufshop confirme la commande par e-mail.<\/li>\n\n\n\n<li>Prix et Paiement<br>Les prix des produits sont indiqu\u00e9s en euros et sont sujets \u00e0 changement sans pr\u00e9avis. Les paiements peuvent \u00eatre effectu\u00e9s par PayPal ou carte bancaire .<\/li>\n\n\n\n<li>Livraison<br>Les d\u00e9lais de livraison sont estim\u00e9s et peuvent varier en fonction de la destination et du temps de confection . Mystufshop ne peut \u00eatre tenu responsable des retards imputables au transporteur.<\/li>\n\n\n\n<li>Droit de R\u00e9tractation<br>Le client dispose d\u2019un droit de r\u00e9tractation de 14 jours \u00e0 compter de la r\u00e9ception du produit les frais de retour seront \u00e0 \u00e7a charge,un bordereau de retour pourra \u00eatre fourni et d\u00e9duit du du remboursement ,les remboursements ne sont pas fait sur les produits sur commandes ou sur mesures ou d\u2019hygi\u00e8ne.Pour exercer ce droit, le client doit notifier Mystufshop par \u00e9crit.Le retour sera \u00e0 ces frais .<\/li>\n\n\n\n<li>Garantie et Retours<br>Mystufshop garantit que ses produits sont neufs. Toutefois, en raison de leur fabrication , de l\u00e9g\u00e8res irr\u00e9gularit\u00e9s ou diff\u00e9rences peuvent appara\u00eetre. En cas de produit d\u00e9fectueux, le client peut demander un remplacement  ou un remboursement pour les articles d\u00e9j\u00e0 disponibles.<\/li>\n\n\n\n<li>Responsabilit\u00e9<br>Mystufshop ne peut \u00eatre tenu responsable des dommages indirects r\u00e9sultant de l\u2019utilisation de ses produits.<\/li>\n\n\n\n<li>Confidentialit\u00e9<br>Les informations personnelles fournies par le client sont trait\u00e9es conform\u00e9ment \u00e0 notre Politique de Confidentialit\u00e9.<\/li>\n\n\n\n<li>Modification des Conditions<br>Mystufshop se r\u00e9serve le droit de modifier ces Conditions G\u00e9n\u00e9rales de Vente \u00e0 tout moment. Les modifications prendront effet d\u00e8s leur publication sur le site.<\/li>\n<\/ol>\n","protected":false},"excerpt":{"rendered":"","protected":false},"author":1,"featured_media":0,"parent":0,"menu_order":0,"comment_status":"closed","ping_status":"closed","template":"","meta":{"_uag_custom_page_level_css":"","footnotes":""},"class_list":["post-9","page","type-page","status-publish","hentry"],"aioseo_notices":[],"uagb_featured_image_src":{"full":false,"thumbnail":false,"medium":false,"medium_large":false,"large":false,"1536x1536":false,"2048x2048":false,"woocommerce_thumbnail":false,"woocommerce_single":false,"woocommerce_gallery_thumbnail":false},"uagb_author_info":{"display_name":"aminehadadi37@gmail.com","author_link":"https:\/\/www.mystufshop.com\/?author=1"},"uagb_comment_info":0,"uagb_excerpt":null,"jetpack_sharing_enabled":true,"_links":{"self":[{"href":"https:\/\/www.mystufshop.com\/index.php?rest_route=\/wp\/v2\/pages\/9","targetHints":{"allow":["GET"]}}],"collection":[{"href":"https:\/\/www.mystufshop.com\/index.php?rest_route=\/wp\/v2\/pages"}],"about":[{"href":"https:\/\/www.mystufshop.com\/index.php?rest_route=\/wp\/v2\/types\/page"}],"author":[{"embeddable":true,"href":"https:\/\/www.mystufshop.com\/index.php?rest_route=\/wp\/v2\/users\/1"}],"replies":[{"embeddable":true,"href":"https:\/\/www.mystufshop.com\/index.php?rest_route=%2Fwp%2Fv2%2Fcomments&post=9"}],"version-history":[{"count":2,"href":"https:\/\/www.mystufshop.com\/index.php?rest_route=\/wp\/v2\/pages\/9\/revisions"}],"predecessor-version":[{"id":5329,"href":"https:\/\/www.mystufshop.com\/index.php?rest_route=\/wp\/v2\/pages\/9\/revisions\/5329"}],"wp:attachment":[{"href":"https:\/\/www.mystufshop.com\/index.php?rest_route=%2Fwp%2Fv2%2Fmedia&parent=9"}],"curies":[{"name":"wp","href":"https:\/\/api.w.org\/{rel}","templated":true}]}}