{"id":5260,"date":"2025-04-18T00:06:43","date_gmt":"2025-04-18T00:06:43","guid":{"rendered":"https:\/\/gold-ostrich-806628.hostingersite.com\/?post_type=product&#038;p=5260"},"modified":"2025-07-19T01:22:45","modified_gmt":"2025-07-19T01:22:45","slug":"jnr-28k-mixed-berries","status":"publish","type":"product","link":"https:\/\/www.mystufshop.com\/?product=jnr-28k-mixed-berries","title":{"rendered":"JNR 18K MIXED BERRIES"},"content":{"rendered":"<p><strong data-start=\"13\" data-end=\"42\">Puff Falcon X 28000 de la marque JN<\/strong><strong data-start=\"13\" data-end=\"42\">R<\/strong>, une cigarette \u00e9lectronique rechargeable con\u00e7ue pour une exp\u00e9rience de vapotage longue dur\u00e9e et performante. Dot\u00e9e d\u2019une <strong data-start=\"159\" data-end=\"195\">batterie rechargeable par USB-C (c\u00e2ble non fourni)\u00a0de 950 mAh<\/strong>, elle garantit une autonomie optimale. Son <strong data-start=\"239\" data-end=\"261\">r\u00e9servoir de 10 ml<\/strong>, incluant <strong data-start=\"272\" data-end=\"303\">2 ml d\u2019e-liquide pr\u00e9-rempli<\/strong> et accompagn\u00e9 de <strong data-start=\"321\" data-end=\"346\">deux flacons de 10 ml<\/strong>, offre une grande capacit\u00e9 pour une utilisation prolong\u00e9e.<\/p>\n","protected":false},"excerpt":{"rendered":"<p>Puff Falcon X 28000 de la marque JNR, une cigarette \u00e9lectronique rechargeable con\u00e7ue pour une exp\u00e9rience de vapotage longue dur\u00e9e et performante. Dot\u00e9e d\u2019une batterie rechargeable par USB-C (c\u00e2ble non fourni)\u00a0de 950 mAh, elle garantit une autonomie optimale. Son r\u00e9servoir de 10 ml, incluant 2 ml d\u2019e-liquide pr\u00e9-rempli et accompagn\u00e9 de deux flacons de 10 [&#8230;]\n","protected":false},"featured_media":5245,"comment_status":"open","ping_status":"closed","template":"","meta":{"_uag_custom_page_level_css":""},"product_brand":[],"product_cat":[47,40],"product_tag":[],"class_list":{"0":"post-5260","1":"product","2":"type-product","3":"status-publish","4":"has-post-thumbnail","6":"product_cat-jnk-28k","7":"product_cat-puff","9":"first","10":"instock","11":"taxable","12":"shipping-taxable","13":"purchasable","14":"product-type-simple"},"aioseo_notices":[],"uagb_featured_image_src":{"full":["https:\/\/www.mystufshop.com\/wp-content\/uploads\/2025\/04\/3-1.png",2000,2000,false],"thumbnail":["https:\/\/www.mystufshop.com\/wp-content\/uploads\/2025\/04\/3-1-150x150.png",150,150,true],"medium":["https:\/\/www.mystufshop.com\/wp-content\/uploads\/2025\/04\/3-1-300x300.png",300,300,true],"medium_large":["https:\/\/www.mystufshop.com\/wp-content\/uploads\/2025\/04\/3-1-768x768.png",768,768,true],"large":["https:\/\/www.mystufshop.com\/wp-content\/uploads\/2025\/04\/3-1-1024x1024.png",1020,1020,true],"1536x1536":["https:\/\/www.mystufshop.com\/wp-content\/uploads\/2025\/04\/3-1-1536x1536.png",1536,1536,true],"2048x2048":["https:\/\/www.mystufshop.com\/wp-content\/uploads\/2025\/04\/3-1.png",2000,2000,false],"woocommerce_thumbnail":["https:\/\/www.mystufshop.com\/wp-content\/uploads\/2025\/04\/3-1-247x296.png",247,296,true],"woocommerce_single":["https:\/\/www.mystufshop.com\/wp-content\/uploads\/2025\/04\/3-1-510x510.png",510,510,true],"woocommerce_gallery_thumbnail":["https:\/\/www.mystufshop.com\/wp-content\/uploads\/2025\/04\/3-1-100x100.png",100,100,true]},"uagb_author_info":{"display_name":"moha younes","author_link":"https:\/\/www.mystufshop.com\/?author=0"},"uagb_comment_info":0,"uagb_excerpt":"Puff Falcon X 28000 de la marque JNR, une cigarette \u00e9lectronique rechargeable con\u00e7ue pour une exp\u00e9rience de vapotage longue dur\u00e9e et performante. Dot\u00e9e d\u2019une batterie rechargeable par USB-C (c\u00e2ble non fourni)\u00a0de 950 mAh, elle garantit une autonomie optimale. Son r\u00e9servoir de 10 ml, incluant 2 ml d\u2019e-liquide pr\u00e9-rempli et accompagn\u00e9 de deux flacons de 10\u2026","jetpack_sharing_enabled":true,"_links":{"self":[{"href":"https:\/\/www.mystufshop.com\/index.php?rest_route=\/wp\/v2\/product\/5260","targetHints":{"allow":["GET"]}}],"collection":[{"href":"https:\/\/www.mystufshop.com\/index.php?rest_route=\/wp\/v2\/product"}],"about":[{"href":"https:\/\/www.mystufshop.com\/index.php?rest_route=\/wp\/v2\/types\/product"}],"replies":[{"embeddable":true,"href":"https:\/\/www.mystufshop.com\/index.php?rest_route=%2Fwp%2Fv2%2Fcomments&post=5260"}],"wp:featuredmedia":[{"embeddable":true,"href":"https:\/\/www.mystufshop.com\/index.php?rest_route=\/wp\/v2\/media\/5245"}],"wp:attachment":[{"href":"https:\/\/www.mystufshop.com\/index.php?rest_route=%2Fwp%2Fv2%2Fmedia&parent=5260"}],"wp:term":[{"taxonomy":"product_brand","embeddable":true,"href":"https:\/\/www.mystufshop.com\/index.php?rest_route=%2Fwp%2Fv2%2Fproduct_brand&post=5260"},{"taxonomy":"product_cat","embeddable":true,"href":"https:\/\/www.mystufshop.com\/index.php?rest_route=%2Fwp%2Fv2%2Fproduct_cat&post=5260"},{"taxonomy":"product_tag","embeddable":true,"href":"https:\/\/www.mystufshop.com\/index.php?rest_route=%2Fwp%2Fv2%2Fproduct_tag&post=5260"}],"curies":[{"name":"wp","href":"https:\/\/api.w.org\/{rel}","templated":true}]}}