{"id":5428,"date":"2025-06-26T22:40:48","date_gmt":"2025-06-26T22:40:48","guid":{"rendered":"https:\/\/mystufshop.com\/?product=collection-privee-gazelle-black-sugar-sucre-noir-50ml"},"modified":"2025-06-30T00:19:48","modified_gmt":"2025-06-30T00:19:48","slug":"collection-privee-gazelle-black-sugar-sucre-noir-50ml","status":"publish","type":"product","link":"https:\/\/www.mystufshop.com\/?product=collection-privee-gazelle-black-sugar-sucre-noir-50ml","title":{"rendered":"Collection Priv\u00e9e Gazelle &#8211; Black sugar \/ Sucre noir 50ml"},"content":{"rendered":"<p>Inspir\u00e9 par Sucre Noir<\/p>\n<h6 style=\"margin-bottom: 0px;font-family: Catamaran, serif;font-style: normal;letter-spacing: 0.6px;text-align: start;text-indent: 0px;text-transform: none;text-decoration: none\"><strong>Notes de t\u00eate : Bois\u00e9, Ros\u00e9, Terreux.<br \/>\nNotes de c\u0153ur : Mousse, Patchouli, Agrume.<br \/>\nNotes de fond : Epic\u00e9, Chaud, Ambre, Floral, Poudr\u00e9.<\/strong><\/h6>\n","protected":false},"excerpt":{"rendered":"<p>Inspir\u00e9 par Sucre Noir Notes de t\u00eate : Bois\u00e9, Ros\u00e9, Terreux. Notes de c\u0153ur : Mousse, Patchouli, Agrume. Notes de fond : Epic\u00e9, Chaud, Ambre, Floral, Poudr\u00e9.<\/p>\n","protected":false},"featured_media":5427,"comment_status":"open","ping_status":"closed","template":"","meta":{"_uag_custom_page_level_css":""},"product_brand":[],"product_cat":[56,41],"product_tag":[],"class_list":{"0":"post-5428","1":"product","2":"type-product","3":"status-publish","4":"has-post-thumbnail","6":"product_cat-collection-privee","7":"product_cat-parfums","9":"first","10":"instock","11":"taxable","12":"shipping-taxable","13":"purchasable","14":"product-type-simple"},"aioseo_notices":[],"uagb_featured_image_src":{"full":["https:\/\/www.mystufshop.com\/wp-content\/uploads\/2025\/06\/img_9502.jpeg",1265,1267,false],"thumbnail":["https:\/\/www.mystufshop.com\/wp-content\/uploads\/2025\/06\/img_9502-150x150.jpeg",150,150,true],"medium":["https:\/\/www.mystufshop.com\/wp-content\/uploads\/2025\/06\/img_9502-300x300.jpeg",300,300,true],"medium_large":["https:\/\/www.mystufshop.com\/wp-content\/uploads\/2025\/06\/img_9502-768x769.jpeg",768,769,true],"large":["https:\/\/www.mystufshop.com\/wp-content\/uploads\/2025\/06\/img_9502-1022x1024.jpeg",1020,1022,true],"1536x1536":["https:\/\/www.mystufshop.com\/wp-content\/uploads\/2025\/06\/img_9502.jpeg",1265,1267,false],"2048x2048":["https:\/\/www.mystufshop.com\/wp-content\/uploads\/2025\/06\/img_9502.jpeg",1265,1267,false],"woocommerce_thumbnail":["https:\/\/www.mystufshop.com\/wp-content\/uploads\/2025\/06\/img_9502-247x296.jpeg",247,296,true],"woocommerce_single":["https:\/\/www.mystufshop.com\/wp-content\/uploads\/2025\/06\/img_9502-510x511.jpeg",510,511,true],"woocommerce_gallery_thumbnail":["https:\/\/www.mystufshop.com\/wp-content\/uploads\/2025\/06\/img_9502-100x100.jpeg",100,100,true]},"uagb_author_info":{"display_name":"aminehadadi37@gmail.com","author_link":"https:\/\/www.mystufshop.com\/?author=0"},"uagb_comment_info":0,"uagb_excerpt":"Inspir\u00e9 par Sucre Noir Notes de t\u00eate : Bois\u00e9, Ros\u00e9, Terreux. Notes de c\u0153ur : Mousse, Patchouli, Agrume. Notes de fond : Epic\u00e9, Chaud, Ambre, Floral, Poudr\u00e9.","jetpack_sharing_enabled":true,"_links":{"self":[{"href":"https:\/\/www.mystufshop.com\/index.php?rest_route=\/wp\/v2\/product\/5428","targetHints":{"allow":["GET"]}}],"collection":[{"href":"https:\/\/www.mystufshop.com\/index.php?rest_route=\/wp\/v2\/product"}],"about":[{"href":"https:\/\/www.mystufshop.com\/index.php?rest_route=\/wp\/v2\/types\/product"}],"replies":[{"embeddable":true,"href":"https:\/\/www.mystufshop.com\/index.php?rest_route=%2Fwp%2Fv2%2Fcomments&post=5428"}],"wp:featuredmedia":[{"embeddable":true,"href":"https:\/\/www.mystufshop.com\/index.php?rest_route=\/wp\/v2\/media\/5427"}],"wp:attachment":[{"href":"https:\/\/www.mystufshop.com\/index.php?rest_route=%2Fwp%2Fv2%2Fmedia&parent=5428"}],"wp:term":[{"taxonomy":"product_brand","embeddable":true,"href":"https:\/\/www.mystufshop.com\/index.php?rest_route=%2Fwp%2Fv2%2Fproduct_brand&post=5428"},{"taxonomy":"product_cat","embeddable":true,"href":"https:\/\/www.mystufshop.com\/index.php?rest_route=%2Fwp%2Fv2%2Fproduct_cat&post=5428"},{"taxonomy":"product_tag","embeddable":true,"href":"https:\/\/www.mystufshop.com\/index.php?rest_route=%2Fwp%2Fv2%2Fproduct_tag&post=5428"}],"curies":[{"name":"wp","href":"https:\/\/api.w.org\/{rel}","templated":true}]}}