{"id":5431,"date":"2025-06-26T22:44:24","date_gmt":"2025-06-26T22:44:24","guid":{"rendered":"https:\/\/mystufshop.com\/?product=collection-privee-gazelle-bouquet-50ml"},"modified":"2025-06-30T00:19:39","modified_gmt":"2025-06-30T00:19:39","slug":"collection-privee-gazelle-bouquet-50ml","status":"publish","type":"product","link":"https:\/\/www.mystufshop.com\/?product=collection-privee-gazelle-bouquet-50ml","title":{"rendered":"Collection Priv\u00e9e Gazelle &#8211; bouquet &#8211; 50ml"},"content":{"rendered":"<p>Inspir\u00e9 par Bouquet &#8211; Yves Saint Laurent<\/p>\n<p><strong>Notes de t\u00eate : Ambroxan, Caramel.<br \/>\nNotes de c\u0153ur : Amande.<br \/>\nNotes de fond : Aromatique, Bois\u00e9.<\/strong><\/p>\n","protected":false},"excerpt":{"rendered":"<p>Inspir\u00e9 par Bouquet &#8211; Yves Saint Laurent Notes de t\u00eate : Ambroxan, Caramel. Notes de c\u0153ur : Amande. Notes de fond : Aromatique, Bois\u00e9.<\/p>\n","protected":false},"featured_media":5430,"comment_status":"open","ping_status":"closed","template":"","meta":{"_uag_custom_page_level_css":""},"product_brand":[],"product_cat":[56,41],"product_tag":[],"class_list":{"0":"post-5431","1":"product","2":"type-product","3":"status-publish","4":"has-post-thumbnail","6":"product_cat-collection-privee","7":"product_cat-parfums","9":"first","10":"instock","11":"taxable","12":"shipping-taxable","13":"purchasable","14":"product-type-simple"},"aioseo_notices":[],"uagb_featured_image_src":{"full":["https:\/\/www.mystufshop.com\/wp-content\/uploads\/2025\/06\/img_9500.jpeg",1266,1270,false],"thumbnail":["https:\/\/www.mystufshop.com\/wp-content\/uploads\/2025\/06\/img_9500-150x150.jpeg",150,150,true],"medium":["https:\/\/www.mystufshop.com\/wp-content\/uploads\/2025\/06\/img_9500-300x300.jpeg",300,300,true],"medium_large":["https:\/\/www.mystufshop.com\/wp-content\/uploads\/2025\/06\/img_9500-768x770.jpeg",768,770,true],"large":["https:\/\/www.mystufshop.com\/wp-content\/uploads\/2025\/06\/img_9500-1021x1024.jpeg",1020,1023,true],"1536x1536":["https:\/\/www.mystufshop.com\/wp-content\/uploads\/2025\/06\/img_9500.jpeg",1266,1270,false],"2048x2048":["https:\/\/www.mystufshop.com\/wp-content\/uploads\/2025\/06\/img_9500.jpeg",1266,1270,false],"woocommerce_thumbnail":["https:\/\/www.mystufshop.com\/wp-content\/uploads\/2025\/06\/img_9500-247x296.jpeg",247,296,true],"woocommerce_single":["https:\/\/www.mystufshop.com\/wp-content\/uploads\/2025\/06\/img_9500-510x512.jpeg",510,512,true],"woocommerce_gallery_thumbnail":["https:\/\/www.mystufshop.com\/wp-content\/uploads\/2025\/06\/img_9500-100x100.jpeg",100,100,true]},"uagb_author_info":{"display_name":"aminehadadi37@gmail.com","author_link":"https:\/\/www.mystufshop.com\/?author=0"},"uagb_comment_info":0,"uagb_excerpt":"Inspir\u00e9 par Bouquet &#8211; Yves Saint Laurent Notes de t\u00eate : Ambroxan, Caramel. Notes de c\u0153ur : Amande. Notes de fond : Aromatique, Bois\u00e9.","jetpack_sharing_enabled":true,"_links":{"self":[{"href":"https:\/\/www.mystufshop.com\/index.php?rest_route=\/wp\/v2\/product\/5431","targetHints":{"allow":["GET"]}}],"collection":[{"href":"https:\/\/www.mystufshop.com\/index.php?rest_route=\/wp\/v2\/product"}],"about":[{"href":"https:\/\/www.mystufshop.com\/index.php?rest_route=\/wp\/v2\/types\/product"}],"replies":[{"embeddable":true,"href":"https:\/\/www.mystufshop.com\/index.php?rest_route=%2Fwp%2Fv2%2Fcomments&post=5431"}],"wp:featuredmedia":[{"embeddable":true,"href":"https:\/\/www.mystufshop.com\/index.php?rest_route=\/wp\/v2\/media\/5430"}],"wp:attachment":[{"href":"https:\/\/www.mystufshop.com\/index.php?rest_route=%2Fwp%2Fv2%2Fmedia&parent=5431"}],"wp:term":[{"taxonomy":"product_brand","embeddable":true,"href":"https:\/\/www.mystufshop.com\/index.php?rest_route=%2Fwp%2Fv2%2Fproduct_brand&post=5431"},{"taxonomy":"product_cat","embeddable":true,"href":"https:\/\/www.mystufshop.com\/index.php?rest_route=%2Fwp%2Fv2%2Fproduct_cat&post=5431"},{"taxonomy":"product_tag","embeddable":true,"href":"https:\/\/www.mystufshop.com\/index.php?rest_route=%2Fwp%2Fv2%2Fproduct_tag&post=5431"}],"curies":[{"name":"wp","href":"https:\/\/api.w.org\/{rel}","templated":true}]}}