{"id":5437,"date":"2025-06-26T22:52:30","date_gmt":"2025-06-26T22:52:30","guid":{"rendered":"https:\/\/mystufshop.com\/?product=collection-privee-gazelle-fantastic-bois-bois-dargent-50ml"},"modified":"2025-06-30T00:19:13","modified_gmt":"2025-06-30T00:19:13","slug":"collection-privee-gazelle-fantastic-bois-bois-dargent-50ml","status":"publish","type":"product","link":"https:\/\/www.mystufshop.com\/?product=collection-privee-gazelle-fantastic-bois-bois-dargent-50ml","title":{"rendered":"Collection Priv\u00e9e Gazelle &#8211; Fantastic bois \/ Bois d\u2019argent- 50ml"},"content":{"rendered":"<p>Inspir\u00e9 par Bois d&rsquo;Argent &#8211; DIOR<\/p>\n<p><strong>Notes de t\u00eate : Vanille, Poudr\u00e9, Bois\u00e9, Fum\u00e9.<br \/>\nNotes de c\u0153ur :&nbsp;Balsamique, Baum\u00e9, Ambre.<br \/>\nNotes de fond :&nbsp;Musc, Iris, Epice chaude, Epice douce.<\/strong><\/p>\n","protected":false},"excerpt":{"rendered":"<p>Inspir\u00e9 par Bois d&rsquo;Argent &#8211; DIOR Notes de t\u00eate : Vanille, Poudr\u00e9, Bois\u00e9, Fum\u00e9. Notes de c\u0153ur :&nbsp;Balsamique, Baum\u00e9, Ambre. Notes de fond :&nbsp;Musc, Iris, Epice chaude, Epice douce.<\/p>\n","protected":false},"featured_media":5436,"comment_status":"open","ping_status":"closed","template":"","meta":{"_uag_custom_page_level_css":""},"product_brand":[],"product_cat":[56,41],"product_tag":[],"class_list":{"0":"post-5437","1":"product","2":"type-product","3":"status-publish","4":"has-post-thumbnail","6":"product_cat-collection-privee","7":"product_cat-parfums","9":"first","10":"instock","11":"taxable","12":"shipping-taxable","13":"purchasable","14":"product-type-simple"},"aioseo_notices":[],"uagb_featured_image_src":{"full":["https:\/\/www.mystufshop.com\/wp-content\/uploads\/2025\/06\/img_9497.jpeg",1265,1269,false],"thumbnail":["https:\/\/www.mystufshop.com\/wp-content\/uploads\/2025\/06\/img_9497-150x150.jpeg",150,150,true],"medium":["https:\/\/www.mystufshop.com\/wp-content\/uploads\/2025\/06\/img_9497-300x300.jpeg",300,300,true],"medium_large":["https:\/\/www.mystufshop.com\/wp-content\/uploads\/2025\/06\/img_9497-768x770.jpeg",768,770,true],"large":["https:\/\/www.mystufshop.com\/wp-content\/uploads\/2025\/06\/img_9497-1021x1024.jpeg",1020,1023,true],"1536x1536":["https:\/\/www.mystufshop.com\/wp-content\/uploads\/2025\/06\/img_9497.jpeg",1265,1269,false],"2048x2048":["https:\/\/www.mystufshop.com\/wp-content\/uploads\/2025\/06\/img_9497.jpeg",1265,1269,false],"woocommerce_thumbnail":["https:\/\/www.mystufshop.com\/wp-content\/uploads\/2025\/06\/img_9497-247x296.jpeg",247,296,true],"woocommerce_single":["https:\/\/www.mystufshop.com\/wp-content\/uploads\/2025\/06\/img_9497-510x512.jpeg",510,512,true],"woocommerce_gallery_thumbnail":["https:\/\/www.mystufshop.com\/wp-content\/uploads\/2025\/06\/img_9497-100x100.jpeg",100,100,true]},"uagb_author_info":{"display_name":"aminehadadi37@gmail.com","author_link":"https:\/\/www.mystufshop.com\/?author=0"},"uagb_comment_info":0,"uagb_excerpt":"Inspir\u00e9 par Bois d&rsquo;Argent &#8211; DIOR Notes de t\u00eate : Vanille, Poudr\u00e9, Bois\u00e9, Fum\u00e9. Notes de c\u0153ur :&nbsp;Balsamique, Baum\u00e9, Ambre. Notes de fond :&nbsp;Musc, Iris, Epice chaude, Epice douce.","jetpack_sharing_enabled":true,"_links":{"self":[{"href":"https:\/\/www.mystufshop.com\/index.php?rest_route=\/wp\/v2\/product\/5437","targetHints":{"allow":["GET"]}}],"collection":[{"href":"https:\/\/www.mystufshop.com\/index.php?rest_route=\/wp\/v2\/product"}],"about":[{"href":"https:\/\/www.mystufshop.com\/index.php?rest_route=\/wp\/v2\/types\/product"}],"replies":[{"embeddable":true,"href":"https:\/\/www.mystufshop.com\/index.php?rest_route=%2Fwp%2Fv2%2Fcomments&post=5437"}],"wp:featuredmedia":[{"embeddable":true,"href":"https:\/\/www.mystufshop.com\/index.php?rest_route=\/wp\/v2\/media\/5436"}],"wp:attachment":[{"href":"https:\/\/www.mystufshop.com\/index.php?rest_route=%2Fwp%2Fv2%2Fmedia&parent=5437"}],"wp:term":[{"taxonomy":"product_brand","embeddable":true,"href":"https:\/\/www.mystufshop.com\/index.php?rest_route=%2Fwp%2Fv2%2Fproduct_brand&post=5437"},{"taxonomy":"product_cat","embeddable":true,"href":"https:\/\/www.mystufshop.com\/index.php?rest_route=%2Fwp%2Fv2%2Fproduct_cat&post=5437"},{"taxonomy":"product_tag","embeddable":true,"href":"https:\/\/www.mystufshop.com\/index.php?rest_route=%2Fwp%2Fv2%2Fproduct_tag&post=5437"}],"curies":[{"name":"wp","href":"https:\/\/api.w.org\/{rel}","templated":true}]}}