{"id":5439,"date":"2025-06-26T22:55:09","date_gmt":"2025-06-26T22:55:09","guid":{"rendered":"https:\/\/mystufshop.com\/?product=collection-privee-gazelle-jadore-50ml"},"modified":"2025-06-30T00:19:06","modified_gmt":"2025-06-30T00:19:06","slug":"collection-privee-gazelle-jadore-50ml","status":"publish","type":"product","link":"https:\/\/www.mystufshop.com\/?product=collection-privee-gazelle-jadore-50ml","title":{"rendered":"COLLECTION PRIV\u00c9E GAZELLE &#8211; J\u2019ADORE &#8211; 50ml"},"content":{"rendered":"<h2>Inspir\u00e9 par J&rsquo;Adore &#8211; Dior<\/h2>\n<p><strong style=\"background: none;border: 0px;margin: 0px;padding: 0px;vertical-align: baseline\">Notes de t\u00eate : Sucr\u00e9, Fruit\u00e9.<br \/>\nNotes de c\u0153ur : Caramel, Ambre.<br \/>\nNotes de fond : Vanille, Bois\u00e9, Cuir, Oud.<\/strong><\/p>\n","protected":false},"excerpt":{"rendered":"<p>Inspir\u00e9 par J&rsquo;Adore &#8211; Dior Notes de t\u00eate : Sucr\u00e9, Fruit\u00e9. Notes de c\u0153ur : Caramel, Ambre. Notes de fond : Vanille, Bois\u00e9, Cuir, Oud.<\/p>\n","protected":false},"featured_media":5438,"comment_status":"open","ping_status":"closed","template":"","meta":{"_uag_custom_page_level_css":""},"product_brand":[],"product_cat":[56,41],"product_tag":[],"class_list":{"0":"post-5439","1":"product","2":"type-product","3":"status-publish","4":"has-post-thumbnail","6":"product_cat-collection-privee","7":"product_cat-parfums","9":"first","10":"instock","11":"taxable","12":"shipping-taxable","13":"purchasable","14":"product-type-simple"},"aioseo_notices":[],"uagb_featured_image_src":{"full":["https:\/\/www.mystufshop.com\/wp-content\/uploads\/2025\/06\/img_9496.jpeg",1252,1263,false],"thumbnail":["https:\/\/www.mystufshop.com\/wp-content\/uploads\/2025\/06\/img_9496-150x150.jpeg",150,150,true],"medium":["https:\/\/www.mystufshop.com\/wp-content\/uploads\/2025\/06\/img_9496-297x300.jpeg",297,300,true],"medium_large":["https:\/\/www.mystufshop.com\/wp-content\/uploads\/2025\/06\/img_9496-768x775.jpeg",768,775,true],"large":["https:\/\/www.mystufshop.com\/wp-content\/uploads\/2025\/06\/img_9496-1015x1024.jpeg",1015,1024,true],"1536x1536":["https:\/\/www.mystufshop.com\/wp-content\/uploads\/2025\/06\/img_9496.jpeg",1252,1263,false],"2048x2048":["https:\/\/www.mystufshop.com\/wp-content\/uploads\/2025\/06\/img_9496.jpeg",1252,1263,false],"woocommerce_thumbnail":["https:\/\/www.mystufshop.com\/wp-content\/uploads\/2025\/06\/img_9496-247x296.jpeg",247,296,true],"woocommerce_single":["https:\/\/www.mystufshop.com\/wp-content\/uploads\/2025\/06\/img_9496-510x514.jpeg",510,514,true],"woocommerce_gallery_thumbnail":["https:\/\/www.mystufshop.com\/wp-content\/uploads\/2025\/06\/img_9496-100x100.jpeg",100,100,true]},"uagb_author_info":{"display_name":"aminehadadi37@gmail.com","author_link":"https:\/\/www.mystufshop.com\/?author=0"},"uagb_comment_info":0,"uagb_excerpt":"Inspir\u00e9 par J&rsquo;Adore &#8211; Dior Notes de t\u00eate : Sucr\u00e9, Fruit\u00e9. Notes de c\u0153ur : Caramel, Ambre. Notes de fond : Vanille, Bois\u00e9, Cuir, Oud.","jetpack_sharing_enabled":true,"_links":{"self":[{"href":"https:\/\/www.mystufshop.com\/index.php?rest_route=\/wp\/v2\/product\/5439","targetHints":{"allow":["GET"]}}],"collection":[{"href":"https:\/\/www.mystufshop.com\/index.php?rest_route=\/wp\/v2\/product"}],"about":[{"href":"https:\/\/www.mystufshop.com\/index.php?rest_route=\/wp\/v2\/types\/product"}],"replies":[{"embeddable":true,"href":"https:\/\/www.mystufshop.com\/index.php?rest_route=%2Fwp%2Fv2%2Fcomments&post=5439"}],"wp:featuredmedia":[{"embeddable":true,"href":"https:\/\/www.mystufshop.com\/index.php?rest_route=\/wp\/v2\/media\/5438"}],"wp:attachment":[{"href":"https:\/\/www.mystufshop.com\/index.php?rest_route=%2Fwp%2Fv2%2Fmedia&parent=5439"}],"wp:term":[{"taxonomy":"product_brand","embeddable":true,"href":"https:\/\/www.mystufshop.com\/index.php?rest_route=%2Fwp%2Fv2%2Fproduct_brand&post=5439"},{"taxonomy":"product_cat","embeddable":true,"href":"https:\/\/www.mystufshop.com\/index.php?rest_route=%2Fwp%2Fv2%2Fproduct_cat&post=5439"},{"taxonomy":"product_tag","embeddable":true,"href":"https:\/\/www.mystufshop.com\/index.php?rest_route=%2Fwp%2Fv2%2Fproduct_tag&post=5439"}],"curies":[{"name":"wp","href":"https:\/\/api.w.org\/{rel}","templated":true}]}}