{"id":5441,"date":"2025-06-26T22:57:48","date_gmt":"2025-06-26T22:57:48","guid":{"rendered":"https:\/\/mystufshop.com\/?product=collection-privee-gazelle-kirke-50ml"},"modified":"2025-06-30T00:18:53","modified_gmt":"2025-06-30T00:18:53","slug":"collection-privee-gazelle-kirke-50ml","status":"publish","type":"product","link":"https:\/\/www.mystufshop.com\/?product=collection-privee-gazelle-kirke-50ml","title":{"rendered":"COLLECTION PRIV\u00c9E GAZELLE &#8211; KIRK\u00c9 &#8211; 50ml"},"content":{"rendered":"<h2>Inspir\u00e9 par :&nbsp;Kirk\u00e9 TIZIANA TERENZI<\/h2>\n<p><strong style=\"margin: 0px;padding: 0px;border: 0px;font-weight: bold;font-style: inherit;vertical-align: baseline\"><\/strong><\/p>\n<p><strong style=\"margin: 0px;padding: 0px;border: 0px;font-weight: bold;font-style: inherit;vertical-align: baseline\">Notes<\/strong><strong style=\"margin: 0px;padding: 0px;border: 0px;font-weight: bold;font-style: normal;vertical-align: baseline;font-family: Karla, sans-serif;font-size: 14px;letter-spacing: normal;text-align: start;text-indent: 0px;text-transform: none;text-decoration: none\"><span class=\"Apple-converted-space\">&nbsp;<\/span>de t\u00eate :<\/strong><span style=\"font-family: Karla, sans-serif;font-size: 14px;font-style: normal;font-weight: 400;letter-spacing: normal;text-align: start;text-indent: 0px;text-transform: none;text-decoration: none;float: none\">&nbsp;Fruit de la passion, Poire, Framboise<\/span><br \/>\n<strong style=\"margin: 0px;padding: 0px;border: 0px;font-weight: bold;font-style: inherit;vertical-align: baseline\">Notes<\/strong><strong style=\"margin: 0px;padding: 0px;border: 0px;font-weight: bold;font-style: normal;vertical-align: baseline;font-family: Karla, sans-serif;font-size: 14px;letter-spacing: normal;text-align: start;text-indent: 0px;text-transform: none;text-decoration: none\"><span class=\"Apple-converted-space\">&nbsp;<\/span>de c\u0153ur :<\/strong><span style=\"font-family: Karla, sans-serif;font-size: 14px;font-style: normal;font-weight: 400;letter-spacing: normal;text-align: start;text-indent: 0px;text-transform: none;text-decoration: none;float: none\">&nbsp;Bourgeon de cassis<\/span><br \/>\n<strong style=\"margin: 0px;padding: 0px;border: 0px;font-weight: bold;font-style: inherit;vertical-align: baseline\">Notes<\/strong><strong style=\"margin: 0px;padding: 0px;border: 0px;font-weight: bold;font-style: normal;vertical-align: baseline;font-family: Karla, sans-serif;font-size: 14px;letter-spacing: normal;text-align: start;text-indent: 0px;text-transform: none;text-decoration: none\"><span class=\"Apple-converted-space\">&nbsp;<\/span>de fond :<\/strong><span style=\"font-family: Karla, sans-serif;font-size: 14px;font-style: normal;font-weight: 400;letter-spacing: normal;text-align: start;text-indent: 0px;text-transform: none;text-decoration: none;float: none\">&nbsp;Sable<\/span><\/p>\n","protected":false},"excerpt":{"rendered":"<p>Inspir\u00e9 par :&nbsp;Kirk\u00e9 TIZIANA TERENZI Notes&nbsp;de t\u00eate :&nbsp;Fruit de la passion, Poire, Framboise Notes&nbsp;de c\u0153ur :&nbsp;Bourgeon de cassis Notes&nbsp;de fond :&nbsp;Sable<\/p>\n","protected":false},"featured_media":5440,"comment_status":"open","ping_status":"closed","template":"","meta":{"_uag_custom_page_level_css":""},"product_brand":[],"product_cat":[56,41],"product_tag":[],"class_list":{"0":"post-5441","1":"product","2":"type-product","3":"status-publish","4":"has-post-thumbnail","6":"product_cat-collection-privee","7":"product_cat-parfums","9":"first","10":"instock","11":"taxable","12":"shipping-taxable","13":"purchasable","14":"product-type-simple"},"aioseo_notices":[],"uagb_featured_image_src":{"full":["https:\/\/www.mystufshop.com\/wp-content\/uploads\/2025\/06\/img_9495.jpeg",1290,1266,false],"thumbnail":["https:\/\/www.mystufshop.com\/wp-content\/uploads\/2025\/06\/img_9495-150x150.jpeg",150,150,true],"medium":["https:\/\/www.mystufshop.com\/wp-content\/uploads\/2025\/06\/img_9495-300x294.jpeg",300,294,true],"medium_large":["https:\/\/www.mystufshop.com\/wp-content\/uploads\/2025\/06\/img_9495-768x754.jpeg",768,754,true],"large":["https:\/\/www.mystufshop.com\/wp-content\/uploads\/2025\/06\/img_9495-1024x1005.jpeg",1020,1001,true],"1536x1536":["https:\/\/www.mystufshop.com\/wp-content\/uploads\/2025\/06\/img_9495.jpeg",1290,1266,false],"2048x2048":["https:\/\/www.mystufshop.com\/wp-content\/uploads\/2025\/06\/img_9495.jpeg",1290,1266,false],"woocommerce_thumbnail":["https:\/\/www.mystufshop.com\/wp-content\/uploads\/2025\/06\/img_9495-247x296.jpeg",247,296,true],"woocommerce_single":["https:\/\/www.mystufshop.com\/wp-content\/uploads\/2025\/06\/img_9495-510x501.jpeg",510,501,true],"woocommerce_gallery_thumbnail":["https:\/\/www.mystufshop.com\/wp-content\/uploads\/2025\/06\/img_9495-100x100.jpeg",100,100,true]},"uagb_author_info":{"display_name":"aminehadadi37@gmail.com","author_link":"https:\/\/www.mystufshop.com\/?author=0"},"uagb_comment_info":0,"uagb_excerpt":"Inspir\u00e9 par :&nbsp;Kirk\u00e9 TIZIANA TERENZI Notes&nbsp;de t\u00eate :&nbsp;Fruit de la passion, Poire, Framboise Notes&nbsp;de c\u0153ur :&nbsp;Bourgeon de cassis Notes&nbsp;de fond :&nbsp;Sable","jetpack_sharing_enabled":true,"_links":{"self":[{"href":"https:\/\/www.mystufshop.com\/index.php?rest_route=\/wp\/v2\/product\/5441","targetHints":{"allow":["GET"]}}],"collection":[{"href":"https:\/\/www.mystufshop.com\/index.php?rest_route=\/wp\/v2\/product"}],"about":[{"href":"https:\/\/www.mystufshop.com\/index.php?rest_route=\/wp\/v2\/types\/product"}],"replies":[{"embeddable":true,"href":"https:\/\/www.mystufshop.com\/index.php?rest_route=%2Fwp%2Fv2%2Fcomments&post=5441"}],"wp:featuredmedia":[{"embeddable":true,"href":"https:\/\/www.mystufshop.com\/index.php?rest_route=\/wp\/v2\/media\/5440"}],"wp:attachment":[{"href":"https:\/\/www.mystufshop.com\/index.php?rest_route=%2Fwp%2Fv2%2Fmedia&parent=5441"}],"wp:term":[{"taxonomy":"product_brand","embeddable":true,"href":"https:\/\/www.mystufshop.com\/index.php?rest_route=%2Fwp%2Fv2%2Fproduct_brand&post=5441"},{"taxonomy":"product_cat","embeddable":true,"href":"https:\/\/www.mystufshop.com\/index.php?rest_route=%2Fwp%2Fv2%2Fproduct_cat&post=5441"},{"taxonomy":"product_tag","embeddable":true,"href":"https:\/\/www.mystufshop.com\/index.php?rest_route=%2Fwp%2Fv2%2Fproduct_tag&post=5441"}],"curies":[{"name":"wp","href":"https:\/\/api.w.org\/{rel}","templated":true}]}}