{"id":5447,"date":"2025-06-26T23:05:40","date_gmt":"2025-06-26T23:05:40","guid":{"rendered":"https:\/\/mystufshop.com\/?product=collection-privee-gazelle-musc-blanc-50ml"},"modified":"2025-06-30T00:18:31","modified_gmt":"2025-06-30T00:18:31","slug":"collection-privee-gazelle-musc-blanc-50ml","status":"publish","type":"product","link":"https:\/\/www.mystufshop.com\/?product=collection-privee-gazelle-musc-blanc-50ml","title":{"rendered":"Collection Priv\u00e9e Gazelle &#8211; Musc Blanc &#8211; 50ml"},"content":{"rendered":"<p>Inspir\u00e9 par Musc Blanc &#8211; NARCISO RODRIGUEZ<\/p>\n<p><strong>Notes de t\u00eate : Citron d&rsquo;Italie.<br \/>\nNotes de c\u0153ur : Loukoum \u00e0 la rose.<br \/>\nNotes de fond : Bois de c\u00e8dre, Vanille intense, Musc blanc.<\/strong><\/p>\n","protected":false},"excerpt":{"rendered":"<p>Inspir\u00e9 par Musc Blanc &#8211; NARCISO RODRIGUEZ Notes de t\u00eate : Citron d&rsquo;Italie. Notes de c\u0153ur : Loukoum \u00e0 la rose. Notes de fond : Bois de c\u00e8dre, Vanille intense, Musc blanc.<\/p>\n","protected":false},"featured_media":5446,"comment_status":"open","ping_status":"closed","template":"","meta":{"_uag_custom_page_level_css":""},"product_brand":[],"product_cat":[56,41],"product_tag":[],"class_list":{"0":"post-5447","1":"product","2":"type-product","3":"status-publish","4":"has-post-thumbnail","6":"product_cat-collection-privee","7":"product_cat-parfums","9":"first","10":"instock","11":"taxable","12":"shipping-taxable","13":"purchasable","14":"product-type-simple"},"aioseo_notices":[],"uagb_featured_image_src":{"full":["https:\/\/www.mystufshop.com\/wp-content\/uploads\/2025\/06\/img_9492.jpeg",1290,1274,false],"thumbnail":["https:\/\/www.mystufshop.com\/wp-content\/uploads\/2025\/06\/img_9492-150x150.jpeg",150,150,true],"medium":["https:\/\/www.mystufshop.com\/wp-content\/uploads\/2025\/06\/img_9492-300x296.jpeg",300,296,true],"medium_large":["https:\/\/www.mystufshop.com\/wp-content\/uploads\/2025\/06\/img_9492-768x758.jpeg",768,758,true],"large":["https:\/\/www.mystufshop.com\/wp-content\/uploads\/2025\/06\/img_9492-1024x1011.jpeg",1020,1007,true],"1536x1536":["https:\/\/www.mystufshop.com\/wp-content\/uploads\/2025\/06\/img_9492.jpeg",1290,1274,false],"2048x2048":["https:\/\/www.mystufshop.com\/wp-content\/uploads\/2025\/06\/img_9492.jpeg",1290,1274,false],"woocommerce_thumbnail":["https:\/\/www.mystufshop.com\/wp-content\/uploads\/2025\/06\/img_9492-247x296.jpeg",247,296,true],"woocommerce_single":["https:\/\/www.mystufshop.com\/wp-content\/uploads\/2025\/06\/img_9492-510x504.jpeg",510,504,true],"woocommerce_gallery_thumbnail":["https:\/\/www.mystufshop.com\/wp-content\/uploads\/2025\/06\/img_9492-100x100.jpeg",100,100,true]},"uagb_author_info":{"display_name":"aminehadadi37@gmail.com","author_link":"https:\/\/www.mystufshop.com\/?author=0"},"uagb_comment_info":0,"uagb_excerpt":"Inspir\u00e9 par Musc Blanc &#8211; NARCISO RODRIGUEZ Notes de t\u00eate : Citron d&rsquo;Italie. Notes de c\u0153ur : Loukoum \u00e0 la rose. Notes de fond : Bois de c\u00e8dre, Vanille intense, Musc blanc.","jetpack_sharing_enabled":true,"_links":{"self":[{"href":"https:\/\/www.mystufshop.com\/index.php?rest_route=\/wp\/v2\/product\/5447","targetHints":{"allow":["GET"]}}],"collection":[{"href":"https:\/\/www.mystufshop.com\/index.php?rest_route=\/wp\/v2\/product"}],"about":[{"href":"https:\/\/www.mystufshop.com\/index.php?rest_route=\/wp\/v2\/types\/product"}],"replies":[{"embeddable":true,"href":"https:\/\/www.mystufshop.com\/index.php?rest_route=%2Fwp%2Fv2%2Fcomments&post=5447"}],"wp:featuredmedia":[{"embeddable":true,"href":"https:\/\/www.mystufshop.com\/index.php?rest_route=\/wp\/v2\/media\/5446"}],"wp:attachment":[{"href":"https:\/\/www.mystufshop.com\/index.php?rest_route=%2Fwp%2Fv2%2Fmedia&parent=5447"}],"wp:term":[{"taxonomy":"product_brand","embeddable":true,"href":"https:\/\/www.mystufshop.com\/index.php?rest_route=%2Fwp%2Fv2%2Fproduct_brand&post=5447"},{"taxonomy":"product_cat","embeddable":true,"href":"https:\/\/www.mystufshop.com\/index.php?rest_route=%2Fwp%2Fv2%2Fproduct_cat&post=5447"},{"taxonomy":"product_tag","embeddable":true,"href":"https:\/\/www.mystufshop.com\/index.php?rest_route=%2Fwp%2Fv2%2Fproduct_tag&post=5447"}],"curies":[{"name":"wp","href":"https:\/\/api.w.org\/{rel}","templated":true}]}}