{"id":5453,"date":"2025-06-26T23:10:05","date_gmt":"2025-06-26T23:10:05","guid":{"rendered":"https:\/\/mystufshop.com\/?product=collection-privee-gazelle-oud-vanille-50ml"},"modified":"2025-06-30T00:18:06","modified_gmt":"2025-06-30T00:18:06","slug":"collection-privee-gazelle-oud-vanille-50ml","status":"publish","type":"product","link":"https:\/\/www.mystufshop.com\/?product=collection-privee-gazelle-oud-vanille-50ml","title":{"rendered":"Collection Priv\u00e9e Gazelle &#8211; Oud Vanille &#8211; 50ml"},"content":{"rendered":"<p><strong style=\"font-family: Catamaran, serif;font-size: 10.05px;font-style: normal;letter-spacing: 0.6px;text-align: start;text-indent: 0px;text-transform: none;text-decoration: none\">Notes de t\u00eate : Ambroxan, Caramel.<br \/>\nNotes de c\u0153ur : Amande.<br \/>\nNotes de fond : Aromatique, Bois\u00e9.<\/strong><\/p>\n","protected":false},"excerpt":{"rendered":"<p>Notes de t\u00eate : Ambroxan, Caramel. Notes de c\u0153ur : Amande. Notes de fond : Aromatique, Bois\u00e9.<\/p>\n","protected":false},"featured_media":5452,"comment_status":"open","ping_status":"closed","template":"","meta":{"_uag_custom_page_level_css":""},"product_brand":[],"product_cat":[56,41],"product_tag":[],"class_list":{"0":"post-5453","1":"product","2":"type-product","3":"status-publish","4":"has-post-thumbnail","6":"product_cat-collection-privee","7":"product_cat-parfums","9":"first","10":"instock","11":"taxable","12":"shipping-taxable","13":"purchasable","14":"product-type-simple"},"aioseo_notices":[],"uagb_featured_image_src":{"full":["https:\/\/www.mystufshop.com\/wp-content\/uploads\/2025\/06\/img_9489.jpeg",1290,1258,false],"thumbnail":["https:\/\/www.mystufshop.com\/wp-content\/uploads\/2025\/06\/img_9489-150x150.jpeg",150,150,true],"medium":["https:\/\/www.mystufshop.com\/wp-content\/uploads\/2025\/06\/img_9489-300x293.jpeg",300,293,true],"medium_large":["https:\/\/www.mystufshop.com\/wp-content\/uploads\/2025\/06\/img_9489-768x749.jpeg",768,749,true],"large":["https:\/\/www.mystufshop.com\/wp-content\/uploads\/2025\/06\/img_9489-1024x999.jpeg",1020,995,true],"1536x1536":["https:\/\/www.mystufshop.com\/wp-content\/uploads\/2025\/06\/img_9489.jpeg",1290,1258,false],"2048x2048":["https:\/\/www.mystufshop.com\/wp-content\/uploads\/2025\/06\/img_9489.jpeg",1290,1258,false],"woocommerce_thumbnail":["https:\/\/www.mystufshop.com\/wp-content\/uploads\/2025\/06\/img_9489-247x296.jpeg",247,296,true],"woocommerce_single":["https:\/\/www.mystufshop.com\/wp-content\/uploads\/2025\/06\/img_9489-510x497.jpeg",510,497,true],"woocommerce_gallery_thumbnail":["https:\/\/www.mystufshop.com\/wp-content\/uploads\/2025\/06\/img_9489-100x100.jpeg",100,100,true]},"uagb_author_info":{"display_name":"aminehadadi37@gmail.com","author_link":"https:\/\/www.mystufshop.com\/?author=0"},"uagb_comment_info":0,"uagb_excerpt":"Notes de t\u00eate : Ambroxan, Caramel. Notes de c\u0153ur : Amande. Notes de fond : Aromatique, Bois\u00e9.","jetpack_sharing_enabled":true,"_links":{"self":[{"href":"https:\/\/www.mystufshop.com\/index.php?rest_route=\/wp\/v2\/product\/5453","targetHints":{"allow":["GET"]}}],"collection":[{"href":"https:\/\/www.mystufshop.com\/index.php?rest_route=\/wp\/v2\/product"}],"about":[{"href":"https:\/\/www.mystufshop.com\/index.php?rest_route=\/wp\/v2\/types\/product"}],"replies":[{"embeddable":true,"href":"https:\/\/www.mystufshop.com\/index.php?rest_route=%2Fwp%2Fv2%2Fcomments&post=5453"}],"wp:featuredmedia":[{"embeddable":true,"href":"https:\/\/www.mystufshop.com\/index.php?rest_route=\/wp\/v2\/media\/5452"}],"wp:attachment":[{"href":"https:\/\/www.mystufshop.com\/index.php?rest_route=%2Fwp%2Fv2%2Fmedia&parent=5453"}],"wp:term":[{"taxonomy":"product_brand","embeddable":true,"href":"https:\/\/www.mystufshop.com\/index.php?rest_route=%2Fwp%2Fv2%2Fproduct_brand&post=5453"},{"taxonomy":"product_cat","embeddable":true,"href":"https:\/\/www.mystufshop.com\/index.php?rest_route=%2Fwp%2Fv2%2Fproduct_cat&post=5453"},{"taxonomy":"product_tag","embeddable":true,"href":"https:\/\/www.mystufshop.com\/index.php?rest_route=%2Fwp%2Fv2%2Fproduct_tag&post=5453"}],"curies":[{"name":"wp","href":"https:\/\/api.w.org\/{rel}","templated":true}]}}