{"id":5455,"date":"2025-06-26T23:11:35","date_gmt":"2025-06-26T23:11:35","guid":{"rendered":"https:\/\/mystufshop.com\/?product=collection-privee-gazelle-rose-cherry-50ml"},"modified":"2025-06-26T23:11:35","modified_gmt":"2025-06-26T23:11:35","slug":"collection-privee-gazelle-rose-cherry-50ml","status":"publish","type":"product","link":"https:\/\/www.mystufshop.com\/?product=collection-privee-gazelle-rose-cherry-50ml","title":{"rendered":"Collection Priv\u00e9e Gazelle &#8211; Rose Cherry &#8211; 50ml"},"content":{"rendered":"<p>Inspir\u00e9 par Lost Cherry &#8211; Tom Ford<\/p>\n<p><strong>Notes de t\u00eate : Essence de bergamote, Essence de citron.<br \/>\nNotes de c\u0153ur : Essence de patchouli, Absolu fleur d&rsquo;Oranger.<br \/>\nNotes de fond : Ambre, Vanille.<\/strong><\/p>\n","protected":false},"excerpt":{"rendered":"<p>Inspir\u00e9 par Lost Cherry &#8211; Tom Ford Notes de t\u00eate : Essence de bergamote, Essence de citron. Notes de c\u0153ur : Essence de patchouli, Absolu fleur d&rsquo;Oranger. Notes de fond : Ambre, Vanille.<\/p>\n","protected":false},"featured_media":5454,"comment_status":"open","ping_status":"closed","template":"","meta":{"_uag_custom_page_level_css":""},"product_brand":[],"product_cat":[41],"product_tag":[],"class_list":{"0":"post-5455","1":"product","2":"type-product","3":"status-publish","4":"has-post-thumbnail","6":"product_cat-parfums","8":"first","9":"instock","10":"taxable","11":"shipping-taxable","12":"purchasable","13":"product-type-simple"},"aioseo_notices":[],"uagb_featured_image_src":{"full":["https:\/\/www.mystufshop.com\/wp-content\/uploads\/2025\/06\/img_9488.jpeg",1290,1252,false],"thumbnail":["https:\/\/www.mystufshop.com\/wp-content\/uploads\/2025\/06\/img_9488-150x150.jpeg",150,150,true],"medium":["https:\/\/www.mystufshop.com\/wp-content\/uploads\/2025\/06\/img_9488-300x291.jpeg",300,291,true],"medium_large":["https:\/\/www.mystufshop.com\/wp-content\/uploads\/2025\/06\/img_9488-768x745.jpeg",768,745,true],"large":["https:\/\/www.mystufshop.com\/wp-content\/uploads\/2025\/06\/img_9488-1024x994.jpeg",1020,990,true],"1536x1536":["https:\/\/www.mystufshop.com\/wp-content\/uploads\/2025\/06\/img_9488.jpeg",1290,1252,false],"2048x2048":["https:\/\/www.mystufshop.com\/wp-content\/uploads\/2025\/06\/img_9488.jpeg",1290,1252,false],"woocommerce_thumbnail":["https:\/\/www.mystufshop.com\/wp-content\/uploads\/2025\/06\/img_9488-247x296.jpeg",247,296,true],"woocommerce_single":["https:\/\/www.mystufshop.com\/wp-content\/uploads\/2025\/06\/img_9488-510x495.jpeg",510,495,true],"woocommerce_gallery_thumbnail":["https:\/\/www.mystufshop.com\/wp-content\/uploads\/2025\/06\/img_9488-100x100.jpeg",100,100,true]},"uagb_author_info":{"display_name":"aminehadadi37@gmail.com","author_link":"https:\/\/www.mystufshop.com\/?author=0"},"uagb_comment_info":0,"uagb_excerpt":"Inspir\u00e9 par Lost Cherry &#8211; Tom Ford Notes de t\u00eate : Essence de bergamote, Essence de citron. Notes de c\u0153ur : Essence de patchouli, Absolu fleur d&rsquo;Oranger. Notes de fond : Ambre, Vanille.","jetpack_sharing_enabled":true,"_links":{"self":[{"href":"https:\/\/www.mystufshop.com\/index.php?rest_route=\/wp\/v2\/product\/5455","targetHints":{"allow":["GET"]}}],"collection":[{"href":"https:\/\/www.mystufshop.com\/index.php?rest_route=\/wp\/v2\/product"}],"about":[{"href":"https:\/\/www.mystufshop.com\/index.php?rest_route=\/wp\/v2\/types\/product"}],"replies":[{"embeddable":true,"href":"https:\/\/www.mystufshop.com\/index.php?rest_route=%2Fwp%2Fv2%2Fcomments&post=5455"}],"wp:featuredmedia":[{"embeddable":true,"href":"https:\/\/www.mystufshop.com\/index.php?rest_route=\/wp\/v2\/media\/5454"}],"wp:attachment":[{"href":"https:\/\/www.mystufshop.com\/index.php?rest_route=%2Fwp%2Fv2%2Fmedia&parent=5455"}],"wp:term":[{"taxonomy":"product_brand","embeddable":true,"href":"https:\/\/www.mystufshop.com\/index.php?rest_route=%2Fwp%2Fv2%2Fproduct_brand&post=5455"},{"taxonomy":"product_cat","embeddable":true,"href":"https:\/\/www.mystufshop.com\/index.php?rest_route=%2Fwp%2Fv2%2Fproduct_cat&post=5455"},{"taxonomy":"product_tag","embeddable":true,"href":"https:\/\/www.mystufshop.com\/index.php?rest_route=%2Fwp%2Fv2%2Fproduct_tag&post=5455"}],"curies":[{"name":"wp","href":"https:\/\/api.w.org\/{rel}","templated":true}]}}