{"id":5500,"date":"2025-06-29T22:48:14","date_gmt":"2025-06-29T22:48:14","guid":{"rendered":"https:\/\/www.mystufshop.com\/?post_type=product&#038;p=5500"},"modified":"2025-06-29T22:48:14","modified_gmt":"2025-06-29T22:48:14","slug":"khamra-lattafa-eau-de-parfum-100ml","status":"publish","type":"product","link":"https:\/\/www.mystufshop.com\/?product=khamra-lattafa-eau-de-parfum-100ml","title":{"rendered":"KHAMRA LATTAFA EAU DE PARFUM 100ML"},"content":{"rendered":"<h2><strong>Eau de parfum Lattafa Khamrah<\/strong><\/h2>\n<p>Lattafa est une marque de parfums bas\u00e9e aux \u00c9mirats arabes unis, elle est c\u00e9l\u00e8bre pour ses <strong>cr\u00e9ations orientales luxueuses<\/strong>. Leurs parfums sont souvent riches en notes traditionnelles orientales telles que l&rsquo;oud, le musc et l&rsquo;ambre. La marque est connue pour offrir des exp\u00e9riences sensorielles distinctives et a gagn\u00e9 en popularit\u00e9 sur le march\u00e9 international, et encore davantage depuis la lanc\u00e9 de la gamme <strong>Khamra<\/strong>.<\/p>\n<p>L\u2019eau de<strong> parfum Khamra lattafa <\/strong>\u00a0est une cr\u00e9ation de la maison de parfumerie Lattafa Perfume aux <strong>notes gourmand et \u00e9pic\u00e9<\/strong>.<\/p>\n<h2><strong>L&rsquo;eau de Parfum Khamrah 100 mL<\/strong><\/h2>\n<p>Le parfum Lattafa <strong>Khamra<\/strong> mixte offre une exp\u00e9rience olfactive envo\u00fbtante qui s\u00e9duira les amateurs de fragrances orientales.<\/p>\n<ul>\n<li><strong>Notes de T\u00eate : <\/strong>Bergamote, noix de muscade, cannelle<\/li>\n<li><strong>Notes de coeur : <\/strong>Bois de santal, vanille<\/li>\n<li><strong>Notes de Fond : <\/strong>C\u00e8dre, v\u00e9tier, patchouli<\/li>\n<\/ul>\n","protected":false},"excerpt":{"rendered":"<p>Eau de parfum Lattafa Khamrah Lattafa est une marque de parfums bas\u00e9e aux \u00c9mirats arabes unis, elle est c\u00e9l\u00e8bre pour ses cr\u00e9ations orientales luxueuses. Leurs parfums sont souvent riches en notes traditionnelles orientales telles que l&rsquo;oud, le musc et l&rsquo;ambre. La marque est connue pour offrir des exp\u00e9riences sensorielles distinctives et a gagn\u00e9 en popularit\u00e9 [&#8230;]\n","protected":false},"featured_media":5501,"comment_status":"open","ping_status":"closed","template":"","meta":{"_uag_custom_page_level_css":""},"product_brand":[],"product_cat":[53],"product_tag":[],"class_list":{"0":"post-5500","1":"product","2":"type-product","3":"status-publish","4":"has-post-thumbnail","6":"product_cat-parfums-dubai","8":"first","9":"instock","10":"taxable","11":"shipping-taxable","12":"purchasable","13":"product-type-simple"},"aioseo_notices":[],"uagb_featured_image_src":{"full":["https:\/\/www.mystufshop.com\/wp-content\/uploads\/2025\/06\/eau-de-parfum-lattafa-khamrah-100ml.jpg",800,800,false],"thumbnail":["https:\/\/www.mystufshop.com\/wp-content\/uploads\/2025\/06\/eau-de-parfum-lattafa-khamrah-100ml-150x150.jpg",150,150,true],"medium":["https:\/\/www.mystufshop.com\/wp-content\/uploads\/2025\/06\/eau-de-parfum-lattafa-khamrah-100ml-300x300.jpg",300,300,true],"medium_large":["https:\/\/www.mystufshop.com\/wp-content\/uploads\/2025\/06\/eau-de-parfum-lattafa-khamrah-100ml-768x768.jpg",768,768,true],"large":["https:\/\/www.mystufshop.com\/wp-content\/uploads\/2025\/06\/eau-de-parfum-lattafa-khamrah-100ml.jpg",800,800,false],"1536x1536":["https:\/\/www.mystufshop.com\/wp-content\/uploads\/2025\/06\/eau-de-parfum-lattafa-khamrah-100ml.jpg",800,800,false],"2048x2048":["https:\/\/www.mystufshop.com\/wp-content\/uploads\/2025\/06\/eau-de-parfum-lattafa-khamrah-100ml.jpg",800,800,false],"woocommerce_thumbnail":["https:\/\/www.mystufshop.com\/wp-content\/uploads\/2025\/06\/eau-de-parfum-lattafa-khamrah-100ml-247x296.jpg",247,296,true],"woocommerce_single":["https:\/\/www.mystufshop.com\/wp-content\/uploads\/2025\/06\/eau-de-parfum-lattafa-khamrah-100ml-510x510.jpg",510,510,true],"woocommerce_gallery_thumbnail":["https:\/\/www.mystufshop.com\/wp-content\/uploads\/2025\/06\/eau-de-parfum-lattafa-khamrah-100ml-100x100.jpg",100,100,true]},"uagb_author_info":{"display_name":"moha younes","author_link":"https:\/\/www.mystufshop.com\/?author=0"},"uagb_comment_info":0,"uagb_excerpt":"Eau de parfum Lattafa Khamrah Lattafa est une marque de parfums bas\u00e9e aux \u00c9mirats arabes unis, elle est c\u00e9l\u00e8bre pour ses cr\u00e9ations orientales luxueuses. Leurs parfums sont souvent riches en notes traditionnelles orientales telles que l&rsquo;oud, le musc et l&rsquo;ambre. La marque est connue pour offrir des exp\u00e9riences sensorielles distinctives et a gagn\u00e9 en popularit\u00e9\u2026","jetpack_sharing_enabled":true,"_links":{"self":[{"href":"https:\/\/www.mystufshop.com\/index.php?rest_route=\/wp\/v2\/product\/5500","targetHints":{"allow":["GET"]}}],"collection":[{"href":"https:\/\/www.mystufshop.com\/index.php?rest_route=\/wp\/v2\/product"}],"about":[{"href":"https:\/\/www.mystufshop.com\/index.php?rest_route=\/wp\/v2\/types\/product"}],"replies":[{"embeddable":true,"href":"https:\/\/www.mystufshop.com\/index.php?rest_route=%2Fwp%2Fv2%2Fcomments&post=5500"}],"wp:featuredmedia":[{"embeddable":true,"href":"https:\/\/www.mystufshop.com\/index.php?rest_route=\/wp\/v2\/media\/5501"}],"wp:attachment":[{"href":"https:\/\/www.mystufshop.com\/index.php?rest_route=%2Fwp%2Fv2%2Fmedia&parent=5500"}],"wp:term":[{"taxonomy":"product_brand","embeddable":true,"href":"https:\/\/www.mystufshop.com\/index.php?rest_route=%2Fwp%2Fv2%2Fproduct_brand&post=5500"},{"taxonomy":"product_cat","embeddable":true,"href":"https:\/\/www.mystufshop.com\/index.php?rest_route=%2Fwp%2Fv2%2Fproduct_cat&post=5500"},{"taxonomy":"product_tag","embeddable":true,"href":"https:\/\/www.mystufshop.com\/index.php?rest_route=%2Fwp%2Fv2%2Fproduct_tag&post=5500"}],"curies":[{"name":"wp","href":"https:\/\/api.w.org\/{rel}","templated":true}]}}