{"id":5505,"date":"2025-06-29T23:02:14","date_gmt":"2025-06-29T23:02:14","guid":{"rendered":"https:\/\/www.mystufshop.com\/?post_type=product&#038;p=5505"},"modified":"2025-06-29T23:02:14","modified_gmt":"2025-06-29T23:02:14","slug":"ameerat-al-arab-eau-de-parfum-dubai-asdaaf-100-ml","status":"publish","type":"product","link":"https:\/\/www.mystufshop.com\/?product=ameerat-al-arab-eau-de-parfum-dubai-asdaaf-100-ml","title":{"rendered":"AMEERAT AL ARAB &#8211; EAU DE PARFUM DUBAI &#8211; ASDAAF &#8211; 100 ML"},"content":{"rendered":"<p><strong>\u00a0Ameerat Al Arab<\/strong>, l&rsquo;eau de parfum de la filiale de Lattafa, Asdaaf,\u00a0dont l&rsquo;essence est s\u00e9duisante et d\u00e9licate \u00e0 la fois. Il fera de vous une femme Emirati parfaite avec son ar\u00f4me tr\u00e8s affirmatif.Gr\u00e2ce \u00e0 sa teneur et sa senteur, il convient \u00e0 de nombreuses occasions sp\u00e9ciales et diverses.<\/p>\n<p>Annoncez votre arriv\u00e9e avec ce parfum attrayant et fascinant, en provenance de Duba\u00ef,\u00a0qui impr\u00e8gne tout atmosph\u00e8re.<\/p>\n<p><strong>Notes : citron, fleur, fruit, musc, v\u00e9tiver, ambre et bois de santal.<\/strong><\/p>\n","protected":false},"excerpt":{"rendered":"<p>\u00a0Ameerat Al Arab, l&rsquo;eau de parfum de la filiale de Lattafa, Asdaaf,\u00a0dont l&rsquo;essence est s\u00e9duisante et d\u00e9licate \u00e0 la fois. Il fera de vous une femme Emirati parfaite avec son ar\u00f4me tr\u00e8s affirmatif.Gr\u00e2ce \u00e0 sa teneur et sa senteur, il convient \u00e0 de nombreuses occasions sp\u00e9ciales et diverses. Annoncez votre arriv\u00e9e avec ce parfum attrayant [&#8230;]\n","protected":false},"featured_media":5506,"comment_status":"open","ping_status":"closed","template":"","meta":{"_uag_custom_page_level_css":""},"product_brand":[],"product_cat":[53],"product_tag":[],"class_list":{"0":"post-5505","1":"product","2":"type-product","3":"status-publish","4":"has-post-thumbnail","6":"product_cat-parfums-dubai","8":"first","9":"instock","10":"taxable","11":"shipping-taxable","12":"purchasable","13":"product-type-simple"},"aioseo_notices":[],"uagb_featured_image_src":{"full":["https:\/\/www.mystufshop.com\/wp-content\/uploads\/2025\/06\/ameerat-al-arab___230324.jpg.webp",384,450,false],"thumbnail":["https:\/\/www.mystufshop.com\/wp-content\/uploads\/2025\/06\/ameerat-al-arab___230324.jpg-150x150.webp",150,150,true],"medium":["https:\/\/www.mystufshop.com\/wp-content\/uploads\/2025\/06\/ameerat-al-arab___230324.jpg-256x300.webp",256,300,true],"medium_large":["https:\/\/www.mystufshop.com\/wp-content\/uploads\/2025\/06\/ameerat-al-arab___230324.jpg.webp",384,450,false],"large":["https:\/\/www.mystufshop.com\/wp-content\/uploads\/2025\/06\/ameerat-al-arab___230324.jpg.webp",384,450,false],"1536x1536":["https:\/\/www.mystufshop.com\/wp-content\/uploads\/2025\/06\/ameerat-al-arab___230324.jpg.webp",384,450,false],"2048x2048":["https:\/\/www.mystufshop.com\/wp-content\/uploads\/2025\/06\/ameerat-al-arab___230324.jpg.webp",384,450,false],"woocommerce_thumbnail":["https:\/\/www.mystufshop.com\/wp-content\/uploads\/2025\/06\/ameerat-al-arab___230324.jpg-247x296.webp",247,296,true],"woocommerce_single":["https:\/\/www.mystufshop.com\/wp-content\/uploads\/2025\/06\/ameerat-al-arab___230324.jpg.webp",384,450,false],"woocommerce_gallery_thumbnail":["https:\/\/www.mystufshop.com\/wp-content\/uploads\/2025\/06\/ameerat-al-arab___230324.jpg-100x100.webp",100,100,true]},"uagb_author_info":{"display_name":"moha younes","author_link":"https:\/\/www.mystufshop.com\/?author=0"},"uagb_comment_info":0,"uagb_excerpt":"\u00a0Ameerat Al Arab, l&rsquo;eau de parfum de la filiale de Lattafa, Asdaaf,\u00a0dont l&rsquo;essence est s\u00e9duisante et d\u00e9licate \u00e0 la fois. Il fera de vous une femme Emirati parfaite avec son ar\u00f4me tr\u00e8s affirmatif.Gr\u00e2ce \u00e0 sa teneur et sa senteur, il convient \u00e0 de nombreuses occasions sp\u00e9ciales et diverses. Annoncez votre arriv\u00e9e avec ce parfum attrayant\u2026","jetpack_sharing_enabled":true,"_links":{"self":[{"href":"https:\/\/www.mystufshop.com\/index.php?rest_route=\/wp\/v2\/product\/5505","targetHints":{"allow":["GET"]}}],"collection":[{"href":"https:\/\/www.mystufshop.com\/index.php?rest_route=\/wp\/v2\/product"}],"about":[{"href":"https:\/\/www.mystufshop.com\/index.php?rest_route=\/wp\/v2\/types\/product"}],"replies":[{"embeddable":true,"href":"https:\/\/www.mystufshop.com\/index.php?rest_route=%2Fwp%2Fv2%2Fcomments&post=5505"}],"wp:featuredmedia":[{"embeddable":true,"href":"https:\/\/www.mystufshop.com\/index.php?rest_route=\/wp\/v2\/media\/5506"}],"wp:attachment":[{"href":"https:\/\/www.mystufshop.com\/index.php?rest_route=%2Fwp%2Fv2%2Fmedia&parent=5505"}],"wp:term":[{"taxonomy":"product_brand","embeddable":true,"href":"https:\/\/www.mystufshop.com\/index.php?rest_route=%2Fwp%2Fv2%2Fproduct_brand&post=5505"},{"taxonomy":"product_cat","embeddable":true,"href":"https:\/\/www.mystufshop.com\/index.php?rest_route=%2Fwp%2Fv2%2Fproduct_cat&post=5505"},{"taxonomy":"product_tag","embeddable":true,"href":"https:\/\/www.mystufshop.com\/index.php?rest_route=%2Fwp%2Fv2%2Fproduct_tag&post=5505"}],"curies":[{"name":"wp","href":"https:\/\/api.w.org\/{rel}","templated":true}]}}