{"id":5626,"date":"2025-06-30T22:07:30","date_gmt":"2025-06-30T22:07:30","guid":{"rendered":"https:\/\/www.mystufshop.com\/?product=coco-vanille"},"modified":"2025-06-30T22:31:08","modified_gmt":"2025-06-30T22:31:08","slug":"coco-vanille","status":"publish","type":"product","link":"https:\/\/www.mystufshop.com\/?product=coco-vanille","title":{"rendered":"03- Coco vanille"},"content":{"rendered":"<p><strong style=\"border-style: solid;border-width: 0px;font-weight: bolder\">T\u00eate<\/strong><span class=\"Apple-converted-space\">&nbsp;<\/span>: Coco, P\u00eache blanche<\/p>\n<div class=\"accordion__content\" style=\"border-style: solid;border-width: 0px;padding-bottom: 1.5rem;font-family\">\n<div class=\"metafield-rich_text_field\" style=\"border-style: solid;border-width: 0px\">\n<p style=\"border-style: solid;border-width: 0px;margin: 0px;font-family\"><strong style=\"border-style: solid;border-width: 0px;font-weight: bolder\">C\u0153ur<\/strong><span class=\"Apple-converted-space\">&nbsp;<\/span>: Fleur de tiar\u00e9, Ylang-ylang<\/p>\n<p style=\"border-style: solid;border-width: 0px;margin: 0px;font-family\"><strong style=\"border-style: solid;border-width: 0px;font-weight: bolder\">Fond<\/strong><span class=\"Apple-converted-space\">&nbsp;<\/span>: Vanille, Musc blanc<\/p>\n<p style=\"border-style: solid;border-width: 0px;margin: 0px;font-family\">50ml<\/p>\n<\/div>\n<\/div>\n","protected":false},"excerpt":{"rendered":"<p>T\u00eate&nbsp;: Coco, P\u00eache blanche C\u0153ur&nbsp;: Fleur de tiar\u00e9, Ylang-ylang Fond&nbsp;: Vanille, Musc blanc 50ml<\/p>\n","protected":false},"featured_media":5625,"comment_status":"open","ping_status":"closed","template":"","meta":{"_uag_custom_page_level_css":""},"product_brand":[],"product_cat":[57],"product_tag":[],"class_list":{"0":"post-5626","1":"product","2":"type-product","3":"status-publish","4":"has-post-thumbnail","6":"product_cat-casa-verdi","8":"first","9":"instock","10":"taxable","11":"shipping-taxable","12":"purchasable","13":"product-type-simple"},"aioseo_notices":[],"uagb_featured_image_src":{"full":["https:\/\/www.mystufshop.com\/wp-content\/uploads\/2025\/06\/img_9864.jpeg",1290,1398,false],"thumbnail":["https:\/\/www.mystufshop.com\/wp-content\/uploads\/2025\/06\/img_9864-150x150.jpeg",150,150,true],"medium":["https:\/\/www.mystufshop.com\/wp-content\/uploads\/2025\/06\/img_9864-277x300.jpeg",277,300,true],"medium_large":["https:\/\/www.mystufshop.com\/wp-content\/uploads\/2025\/06\/img_9864-768x832.jpeg",768,832,true],"large":["https:\/\/www.mystufshop.com\/wp-content\/uploads\/2025\/06\/img_9864-945x1024.jpeg",945,1024,true],"1536x1536":["https:\/\/www.mystufshop.com\/wp-content\/uploads\/2025\/06\/img_9864.jpeg",1290,1398,false],"2048x2048":["https:\/\/www.mystufshop.com\/wp-content\/uploads\/2025\/06\/img_9864.jpeg",1290,1398,false],"woocommerce_thumbnail":["https:\/\/www.mystufshop.com\/wp-content\/uploads\/2025\/06\/img_9864-247x296.jpeg",247,296,true],"woocommerce_single":["https:\/\/www.mystufshop.com\/wp-content\/uploads\/2025\/06\/img_9864-510x553.jpeg",510,553,true],"woocommerce_gallery_thumbnail":["https:\/\/www.mystufshop.com\/wp-content\/uploads\/2025\/06\/img_9864-100x100.jpeg",100,100,true]},"uagb_author_info":{"display_name":"aminehadadi37@gmail.com","author_link":"https:\/\/www.mystufshop.com\/?author=0"},"uagb_comment_info":0,"uagb_excerpt":"T\u00eate&nbsp;: Coco, P\u00eache blanche C\u0153ur&nbsp;: Fleur de tiar\u00e9, Ylang-ylang Fond&nbsp;: Vanille, Musc blanc 50ml","jetpack_sharing_enabled":true,"_links":{"self":[{"href":"https:\/\/www.mystufshop.com\/index.php?rest_route=\/wp\/v2\/product\/5626","targetHints":{"allow":["GET"]}}],"collection":[{"href":"https:\/\/www.mystufshop.com\/index.php?rest_route=\/wp\/v2\/product"}],"about":[{"href":"https:\/\/www.mystufshop.com\/index.php?rest_route=\/wp\/v2\/types\/product"}],"replies":[{"embeddable":true,"href":"https:\/\/www.mystufshop.com\/index.php?rest_route=%2Fwp%2Fv2%2Fcomments&post=5626"}],"wp:featuredmedia":[{"embeddable":true,"href":"https:\/\/www.mystufshop.com\/index.php?rest_route=\/wp\/v2\/media\/5625"}],"wp:attachment":[{"href":"https:\/\/www.mystufshop.com\/index.php?rest_route=%2Fwp%2Fv2%2Fmedia&parent=5626"}],"wp:term":[{"taxonomy":"product_brand","embeddable":true,"href":"https:\/\/www.mystufshop.com\/index.php?rest_route=%2Fwp%2Fv2%2Fproduct_brand&post=5626"},{"taxonomy":"product_cat","embeddable":true,"href":"https:\/\/www.mystufshop.com\/index.php?rest_route=%2Fwp%2Fv2%2Fproduct_cat&post=5626"},{"taxonomy":"product_tag","embeddable":true,"href":"https:\/\/www.mystufshop.com\/index.php?rest_route=%2Fwp%2Fv2%2Fproduct_tag&post=5626"}],"curies":[{"name":"wp","href":"https:\/\/api.w.org\/{rel}","templated":true}]}}