{"id":5629,"date":"2025-06-30T22:08:35","date_gmt":"2025-06-30T22:08:35","guid":{"rendered":"https:\/\/www.mystufshop.com\/?product=athar"},"modified":"2025-06-30T22:31:00","modified_gmt":"2025-06-30T22:31:00","slug":"athar","status":"publish","type":"product","link":"https:\/\/www.mystufshop.com\/?product=athar","title":{"rendered":"04- Athar"},"content":{"rendered":"<p><strong style=\"border-style: solid;border-width: 0px;font-weight: bolder\">T\u00eate<\/strong><span class=\"Apple-converted-space\">&nbsp;<\/span>: P\u00eache, Fleur de Pommier<\/p>\n<div class=\"accordion__content\">\n<div class=\"metafield-rich_text_field\" style=\"border-style: solid;border-width: 0px\">\n<p><strong style=\"border-style: solid;border-width: 0px;font-weight: bolder\">C\u0153ur<\/strong><span class=\"Apple-converted-space\">&nbsp;<\/span>: Fleur d&rsquo;Ananas<\/p>\n<p><strong style=\"border-style: solid;border-width: 0px;font-weight: bolder\">Fond<\/strong><span class=\"Apple-converted-space\">&nbsp;<\/span>: Rose, Patchouli, Musc<\/p>\n<p>50ml<\/p>\n<\/div>\n<\/div>\n","protected":false},"excerpt":{"rendered":"<p>T\u00eate&nbsp;: P\u00eache, Fleur de Pommier C\u0153ur&nbsp;: Fleur d&rsquo;Ananas Fond&nbsp;: Rose, Patchouli, Musc 50ml<\/p>\n","protected":false},"featured_media":5628,"comment_status":"open","ping_status":"closed","template":"","meta":{"_uag_custom_page_level_css":""},"product_brand":[],"product_cat":[57],"product_tag":[],"class_list":{"0":"post-5629","1":"product","2":"type-product","3":"status-publish","4":"has-post-thumbnail","6":"product_cat-casa-verdi","8":"first","9":"instock","10":"taxable","11":"shipping-taxable","12":"purchasable","13":"product-type-simple"},"aioseo_notices":[],"uagb_featured_image_src":{"full":["https:\/\/www.mystufshop.com\/wp-content\/uploads\/2025\/06\/ea5aef09-4b83-4995-83c8-aa46f60b6a71-1.jpeg",1280,1280,false],"thumbnail":["https:\/\/www.mystufshop.com\/wp-content\/uploads\/2025\/06\/ea5aef09-4b83-4995-83c8-aa46f60b6a71-1-150x150.jpeg",150,150,true],"medium":["https:\/\/www.mystufshop.com\/wp-content\/uploads\/2025\/06\/ea5aef09-4b83-4995-83c8-aa46f60b6a71-1-300x300.jpeg",300,300,true],"medium_large":["https:\/\/www.mystufshop.com\/wp-content\/uploads\/2025\/06\/ea5aef09-4b83-4995-83c8-aa46f60b6a71-1-768x768.jpeg",768,768,true],"large":["https:\/\/www.mystufshop.com\/wp-content\/uploads\/2025\/06\/ea5aef09-4b83-4995-83c8-aa46f60b6a71-1-1024x1024.jpeg",1020,1020,true],"1536x1536":["https:\/\/www.mystufshop.com\/wp-content\/uploads\/2025\/06\/ea5aef09-4b83-4995-83c8-aa46f60b6a71-1.jpeg",1280,1280,false],"2048x2048":["https:\/\/www.mystufshop.com\/wp-content\/uploads\/2025\/06\/ea5aef09-4b83-4995-83c8-aa46f60b6a71-1.jpeg",1280,1280,false],"woocommerce_thumbnail":["https:\/\/www.mystufshop.com\/wp-content\/uploads\/2025\/06\/ea5aef09-4b83-4995-83c8-aa46f60b6a71-1-247x296.jpeg",247,296,true],"woocommerce_single":["https:\/\/www.mystufshop.com\/wp-content\/uploads\/2025\/06\/ea5aef09-4b83-4995-83c8-aa46f60b6a71-1-510x510.jpeg",510,510,true],"woocommerce_gallery_thumbnail":["https:\/\/www.mystufshop.com\/wp-content\/uploads\/2025\/06\/ea5aef09-4b83-4995-83c8-aa46f60b6a71-1-100x100.jpeg",100,100,true]},"uagb_author_info":{"display_name":"aminehadadi37@gmail.com","author_link":"https:\/\/www.mystufshop.com\/?author=0"},"uagb_comment_info":0,"uagb_excerpt":"T\u00eate&nbsp;: P\u00eache, Fleur de Pommier C\u0153ur&nbsp;: Fleur d&rsquo;Ananas Fond&nbsp;: Rose, Patchouli, Musc 50ml","jetpack_sharing_enabled":true,"_links":{"self":[{"href":"https:\/\/www.mystufshop.com\/index.php?rest_route=\/wp\/v2\/product\/5629","targetHints":{"allow":["GET"]}}],"collection":[{"href":"https:\/\/www.mystufshop.com\/index.php?rest_route=\/wp\/v2\/product"}],"about":[{"href":"https:\/\/www.mystufshop.com\/index.php?rest_route=\/wp\/v2\/types\/product"}],"replies":[{"embeddable":true,"href":"https:\/\/www.mystufshop.com\/index.php?rest_route=%2Fwp%2Fv2%2Fcomments&post=5629"}],"wp:featuredmedia":[{"embeddable":true,"href":"https:\/\/www.mystufshop.com\/index.php?rest_route=\/wp\/v2\/media\/5628"}],"wp:attachment":[{"href":"https:\/\/www.mystufshop.com\/index.php?rest_route=%2Fwp%2Fv2%2Fmedia&parent=5629"}],"wp:term":[{"taxonomy":"product_brand","embeddable":true,"href":"https:\/\/www.mystufshop.com\/index.php?rest_route=%2Fwp%2Fv2%2Fproduct_brand&post=5629"},{"taxonomy":"product_cat","embeddable":true,"href":"https:\/\/www.mystufshop.com\/index.php?rest_route=%2Fwp%2Fv2%2Fproduct_cat&post=5629"},{"taxonomy":"product_tag","embeddable":true,"href":"https:\/\/www.mystufshop.com\/index.php?rest_route=%2Fwp%2Fv2%2Fproduct_tag&post=5629"}],"curies":[{"name":"wp","href":"https:\/\/api.w.org\/{rel}","templated":true}]}}