{"id":5647,"date":"2025-06-30T22:17:43","date_gmt":"2025-06-30T22:17:43","guid":{"rendered":"https:\/\/www.mystufshop.com\/?product=bakara"},"modified":"2025-06-30T22:25:59","modified_gmt":"2025-06-30T22:25:59","slug":"bakara","status":"publish","type":"product","link":"https:\/\/www.mystufshop.com\/?product=bakara","title":{"rendered":"13- Bakara"},"content":{"rendered":"<p><strong style=\"border-style: solid;border-width: 0px;font-weight: bolder\">T\u00eate<\/strong><span class=\"Apple-converted-space\">&nbsp;<\/span>: Jasmin, Safran<\/p>\n<p><strong style=\"border-style: solid;border-width: 0px;font-weight: bolder\">C\u0153ur<\/strong><span class=\"Apple-converted-space\">&nbsp;<\/span>: Bois d&rsquo;Ambre, Ambre Gris<\/p>\n<p><strong style=\"border-style: solid;border-width: 0px;font-weight: bolder\">Fond<\/strong><span class=\"Apple-converted-space\">&nbsp;<\/span>: R\u00e9sine de Sapin, Bois de C\u00e8dre<\/p>\n<p>50ml<\/p>\n","protected":false},"excerpt":{"rendered":"<p>T\u00eate&nbsp;: Jasmin, Safran C\u0153ur&nbsp;: Bois d&rsquo;Ambre, Ambre Gris Fond&nbsp;: R\u00e9sine de Sapin, Bois de C\u00e8dre 50ml<\/p>\n","protected":false},"featured_media":5646,"comment_status":"open","ping_status":"closed","template":"","meta":{"_uag_custom_page_level_css":""},"product_brand":[],"product_cat":[57],"product_tag":[],"class_list":{"0":"post-5647","1":"product","2":"type-product","3":"status-publish","4":"has-post-thumbnail","6":"product_cat-casa-verdi","8":"first","9":"instock","10":"taxable","11":"shipping-taxable","12":"purchasable","13":"product-type-simple"},"aioseo_notices":[],"uagb_featured_image_src":{"full":["https:\/\/www.mystufshop.com\/wp-content\/uploads\/2025\/06\/427a39b3-664d-4d50-a3be-4aaa650143ff.jpeg",1280,1280,false],"thumbnail":["https:\/\/www.mystufshop.com\/wp-content\/uploads\/2025\/06\/427a39b3-664d-4d50-a3be-4aaa650143ff-150x150.jpeg",150,150,true],"medium":["https:\/\/www.mystufshop.com\/wp-content\/uploads\/2025\/06\/427a39b3-664d-4d50-a3be-4aaa650143ff-300x300.jpeg",300,300,true],"medium_large":["https:\/\/www.mystufshop.com\/wp-content\/uploads\/2025\/06\/427a39b3-664d-4d50-a3be-4aaa650143ff-768x768.jpeg",768,768,true],"large":["https:\/\/www.mystufshop.com\/wp-content\/uploads\/2025\/06\/427a39b3-664d-4d50-a3be-4aaa650143ff-1024x1024.jpeg",1020,1020,true],"1536x1536":["https:\/\/www.mystufshop.com\/wp-content\/uploads\/2025\/06\/427a39b3-664d-4d50-a3be-4aaa650143ff.jpeg",1280,1280,false],"2048x2048":["https:\/\/www.mystufshop.com\/wp-content\/uploads\/2025\/06\/427a39b3-664d-4d50-a3be-4aaa650143ff.jpeg",1280,1280,false],"woocommerce_thumbnail":["https:\/\/www.mystufshop.com\/wp-content\/uploads\/2025\/06\/427a39b3-664d-4d50-a3be-4aaa650143ff-247x296.jpeg",247,296,true],"woocommerce_single":["https:\/\/www.mystufshop.com\/wp-content\/uploads\/2025\/06\/427a39b3-664d-4d50-a3be-4aaa650143ff-510x510.jpeg",510,510,true],"woocommerce_gallery_thumbnail":["https:\/\/www.mystufshop.com\/wp-content\/uploads\/2025\/06\/427a39b3-664d-4d50-a3be-4aaa650143ff-100x100.jpeg",100,100,true]},"uagb_author_info":{"display_name":"aminehadadi37@gmail.com","author_link":"https:\/\/www.mystufshop.com\/?author=0"},"uagb_comment_info":0,"uagb_excerpt":"T\u00eate&nbsp;: Jasmin, Safran C\u0153ur&nbsp;: Bois d&rsquo;Ambre, Ambre Gris Fond&nbsp;: R\u00e9sine de Sapin, Bois de C\u00e8dre 50ml","jetpack_sharing_enabled":true,"_links":{"self":[{"href":"https:\/\/www.mystufshop.com\/index.php?rest_route=\/wp\/v2\/product\/5647","targetHints":{"allow":["GET"]}}],"collection":[{"href":"https:\/\/www.mystufshop.com\/index.php?rest_route=\/wp\/v2\/product"}],"about":[{"href":"https:\/\/www.mystufshop.com\/index.php?rest_route=\/wp\/v2\/types\/product"}],"replies":[{"embeddable":true,"href":"https:\/\/www.mystufshop.com\/index.php?rest_route=%2Fwp%2Fv2%2Fcomments&post=5647"}],"wp:featuredmedia":[{"embeddable":true,"href":"https:\/\/www.mystufshop.com\/index.php?rest_route=\/wp\/v2\/media\/5646"}],"wp:attachment":[{"href":"https:\/\/www.mystufshop.com\/index.php?rest_route=%2Fwp%2Fv2%2Fmedia&parent=5647"}],"wp:term":[{"taxonomy":"product_brand","embeddable":true,"href":"https:\/\/www.mystufshop.com\/index.php?rest_route=%2Fwp%2Fv2%2Fproduct_brand&post=5647"},{"taxonomy":"product_cat","embeddable":true,"href":"https:\/\/www.mystufshop.com\/index.php?rest_route=%2Fwp%2Fv2%2Fproduct_cat&post=5647"},{"taxonomy":"product_tag","embeddable":true,"href":"https:\/\/www.mystufshop.com\/index.php?rest_route=%2Fwp%2Fv2%2Fproduct_tag&post=5647"}],"curies":[{"name":"wp","href":"https:\/\/api.w.org\/{rel}","templated":true}]}}