{"id":6188,"date":"2026-02-04T20:29:20","date_gmt":"2026-02-04T20:29:20","guid":{"rendered":"https:\/\/www.mystufshop.com\/?post_type=product&#038;p=6188"},"modified":"2026-02-04T20:29:20","modified_gmt":"2026-02-04T20:29:20","slug":"asad-lattafa-100ml-eau-de-parfum-homme","status":"publish","type":"product","link":"https:\/\/www.mystufshop.com\/?product=asad-lattafa-100ml-eau-de-parfum-homme","title":{"rendered":"Asad \u2013 Lattafa 100ml Eau De Parfum Homme"},"content":{"rendered":"<p><strong>Inspiration : Sauvage<\/strong><\/p>\n<p><strong>Notes de T\u00eate <\/strong>: Fruit\u00e9, \u00c9pic\u00e9<\/p>\n<p><strong>Notes de C\u0153ur :<\/strong> Vanille, Caf\u00e9, Patchouli<\/p>\n<p><strong>Notes de Fond :<\/strong> Ambre, Benjoin, Vanille, Bois, Labdanum<\/p>\n","protected":false},"excerpt":{"rendered":"<p>Inspiration : Sauvage Notes de T\u00eate : Fruit\u00e9, \u00c9pic\u00e9 Notes de C\u0153ur : Vanille, Caf\u00e9, Patchouli Notes de Fond : Ambre, Benjoin, Vanille, Bois, Labdanum<\/p>\n","protected":false},"featured_media":6189,"comment_status":"open","ping_status":"closed","template":"","meta":{"_uag_custom_page_level_css":""},"product_brand":[],"product_cat":[53],"product_tag":[],"class_list":{"0":"post-6188","1":"product","2":"type-product","3":"status-publish","4":"has-post-thumbnail","6":"product_cat-parfums-dubai","8":"first","9":"instock","10":"taxable","11":"shipping-taxable","12":"purchasable","13":"product-type-simple"},"aioseo_notices":[],"uagb_featured_image_src":{"full":["https:\/\/www.mystufshop.com\/wp-content\/uploads\/2026\/02\/asad_fond_1788daac-13d0-4c78-be2e-ddd84cacffe2_1220x_crop_center.png.webp",627,774,false],"thumbnail":["https:\/\/www.mystufshop.com\/wp-content\/uploads\/2026\/02\/asad_fond_1788daac-13d0-4c78-be2e-ddd84cacffe2_1220x_crop_center.png-150x150.webp",150,150,true],"medium":["https:\/\/www.mystufshop.com\/wp-content\/uploads\/2026\/02\/asad_fond_1788daac-13d0-4c78-be2e-ddd84cacffe2_1220x_crop_center.png-243x300.webp",243,300,true],"medium_large":["https:\/\/www.mystufshop.com\/wp-content\/uploads\/2026\/02\/asad_fond_1788daac-13d0-4c78-be2e-ddd84cacffe2_1220x_crop_center.png.webp",627,774,false],"large":["https:\/\/www.mystufshop.com\/wp-content\/uploads\/2026\/02\/asad_fond_1788daac-13d0-4c78-be2e-ddd84cacffe2_1220x_crop_center.png.webp",627,774,false],"1536x1536":["https:\/\/www.mystufshop.com\/wp-content\/uploads\/2026\/02\/asad_fond_1788daac-13d0-4c78-be2e-ddd84cacffe2_1220x_crop_center.png.webp",627,774,false],"2048x2048":["https:\/\/www.mystufshop.com\/wp-content\/uploads\/2026\/02\/asad_fond_1788daac-13d0-4c78-be2e-ddd84cacffe2_1220x_crop_center.png.webp",627,774,false],"woocommerce_thumbnail":["https:\/\/www.mystufshop.com\/wp-content\/uploads\/2026\/02\/asad_fond_1788daac-13d0-4c78-be2e-ddd84cacffe2_1220x_crop_center.png-247x296.webp",247,296,true],"woocommerce_single":["https:\/\/www.mystufshop.com\/wp-content\/uploads\/2026\/02\/asad_fond_1788daac-13d0-4c78-be2e-ddd84cacffe2_1220x_crop_center.png-510x630.webp",510,630,true],"woocommerce_gallery_thumbnail":["https:\/\/www.mystufshop.com\/wp-content\/uploads\/2026\/02\/asad_fond_1788daac-13d0-4c78-be2e-ddd84cacffe2_1220x_crop_center.png-100x100.webp",100,100,true]},"uagb_author_info":{"display_name":"moha younes","author_link":"https:\/\/www.mystufshop.com\/?author=0"},"uagb_comment_info":0,"uagb_excerpt":"Inspiration : Sauvage Notes de T\u00eate : Fruit\u00e9, \u00c9pic\u00e9 Notes de C\u0153ur : Vanille, Caf\u00e9, Patchouli Notes de Fond : Ambre, Benjoin, Vanille, Bois, Labdanum","jetpack_sharing_enabled":true,"_links":{"self":[{"href":"https:\/\/www.mystufshop.com\/index.php?rest_route=\/wp\/v2\/product\/6188","targetHints":{"allow":["GET"]}}],"collection":[{"href":"https:\/\/www.mystufshop.com\/index.php?rest_route=\/wp\/v2\/product"}],"about":[{"href":"https:\/\/www.mystufshop.com\/index.php?rest_route=\/wp\/v2\/types\/product"}],"replies":[{"embeddable":true,"href":"https:\/\/www.mystufshop.com\/index.php?rest_route=%2Fwp%2Fv2%2Fcomments&post=6188"}],"wp:featuredmedia":[{"embeddable":true,"href":"https:\/\/www.mystufshop.com\/index.php?rest_route=\/wp\/v2\/media\/6189"}],"wp:attachment":[{"href":"https:\/\/www.mystufshop.com\/index.php?rest_route=%2Fwp%2Fv2%2Fmedia&parent=6188"}],"wp:term":[{"taxonomy":"product_brand","embeddable":true,"href":"https:\/\/www.mystufshop.com\/index.php?rest_route=%2Fwp%2Fv2%2Fproduct_brand&post=6188"},{"taxonomy":"product_cat","embeddable":true,"href":"https:\/\/www.mystufshop.com\/index.php?rest_route=%2Fwp%2Fv2%2Fproduct_cat&post=6188"},{"taxonomy":"product_tag","embeddable":true,"href":"https:\/\/www.mystufshop.com\/index.php?rest_route=%2Fwp%2Fv2%2Fproduct_tag&post=6188"}],"curies":[{"name":"wp","href":"https:\/\/api.w.org\/{rel}","templated":true}]}}