{"id":6197,"date":"2026-02-05T21:12:57","date_gmt":"2026-02-05T21:12:57","guid":{"rendered":"https:\/\/www.mystufshop.com\/?post_type=product&#038;p=6197"},"modified":"2026-02-05T21:19:46","modified_gmt":"2026-02-05T21:19:46","slug":"mayar-lattafa-100ml-eau-de-parfum-femme","status":"publish","type":"product","link":"https:\/\/www.mystufshop.com\/?product=mayar-lattafa-100ml-eau-de-parfum-femme","title":{"rendered":"Mayar &#8211; Lattafa 100ml Eau De Parfum Femme"},"content":{"rendered":"<p><strong>Notes de T\u00eate : <\/strong>Bergamote, Citron, Mandarine<\/p>\n<p><strong>Notes de C\u0153ur :<\/strong> Rose, Ylang-ylang, Jasmin<\/p>\n<p><strong>Notes de Fond : <\/strong>Ambre, Musc, Bois de c\u00e8dre<\/p>\n","protected":false},"excerpt":{"rendered":"<p>Notes de T\u00eate : Bergamote, Citron, Mandarine Notes de C\u0153ur : Rose, Ylang-ylang, Jasmin Notes de Fond : Ambre, Musc, Bois de c\u00e8dre<\/p>\n","protected":false},"featured_media":6198,"comment_status":"open","ping_status":"closed","template":"","meta":{"_uag_custom_page_level_css":""},"product_brand":[],"product_cat":[53],"product_tag":[],"class_list":{"0":"post-6197","1":"product","2":"type-product","3":"status-publish","4":"has-post-thumbnail","6":"product_cat-parfums-dubai","8":"first","9":"instock","10":"taxable","11":"shipping-taxable","12":"purchasable","13":"product-type-simple"},"aioseo_notices":[],"uagb_featured_image_src":{"full":["https:\/\/www.mystufshop.com\/wp-content\/uploads\/2026\/02\/mayar_2_fond_08a3c2b8-2b91-4cf0-91cc-9089d9122d01_1220x_crop_center.png.webp",627,774,false],"thumbnail":["https:\/\/www.mystufshop.com\/wp-content\/uploads\/2026\/02\/mayar_2_fond_08a3c2b8-2b91-4cf0-91cc-9089d9122d01_1220x_crop_center.png-150x150.webp",150,150,true],"medium":["https:\/\/www.mystufshop.com\/wp-content\/uploads\/2026\/02\/mayar_2_fond_08a3c2b8-2b91-4cf0-91cc-9089d9122d01_1220x_crop_center.png-243x300.webp",243,300,true],"medium_large":["https:\/\/www.mystufshop.com\/wp-content\/uploads\/2026\/02\/mayar_2_fond_08a3c2b8-2b91-4cf0-91cc-9089d9122d01_1220x_crop_center.png.webp",627,774,false],"large":["https:\/\/www.mystufshop.com\/wp-content\/uploads\/2026\/02\/mayar_2_fond_08a3c2b8-2b91-4cf0-91cc-9089d9122d01_1220x_crop_center.png.webp",627,774,false],"1536x1536":["https:\/\/www.mystufshop.com\/wp-content\/uploads\/2026\/02\/mayar_2_fond_08a3c2b8-2b91-4cf0-91cc-9089d9122d01_1220x_crop_center.png.webp",627,774,false],"2048x2048":["https:\/\/www.mystufshop.com\/wp-content\/uploads\/2026\/02\/mayar_2_fond_08a3c2b8-2b91-4cf0-91cc-9089d9122d01_1220x_crop_center.png.webp",627,774,false],"woocommerce_thumbnail":["https:\/\/www.mystufshop.com\/wp-content\/uploads\/2026\/02\/mayar_2_fond_08a3c2b8-2b91-4cf0-91cc-9089d9122d01_1220x_crop_center.png-247x296.webp",247,296,true],"woocommerce_single":["https:\/\/www.mystufshop.com\/wp-content\/uploads\/2026\/02\/mayar_2_fond_08a3c2b8-2b91-4cf0-91cc-9089d9122d01_1220x_crop_center.png-510x630.webp",510,630,true],"woocommerce_gallery_thumbnail":["https:\/\/www.mystufshop.com\/wp-content\/uploads\/2026\/02\/mayar_2_fond_08a3c2b8-2b91-4cf0-91cc-9089d9122d01_1220x_crop_center.png-100x100.webp",100,100,true]},"uagb_author_info":{"display_name":"moha younes","author_link":"https:\/\/www.mystufshop.com\/?author=0"},"uagb_comment_info":0,"uagb_excerpt":"Notes de T\u00eate : Bergamote, Citron, Mandarine Notes de C\u0153ur : Rose, Ylang-ylang, Jasmin Notes de Fond : Ambre, Musc, Bois de c\u00e8dre","jetpack_sharing_enabled":true,"_links":{"self":[{"href":"https:\/\/www.mystufshop.com\/index.php?rest_route=\/wp\/v2\/product\/6197","targetHints":{"allow":["GET"]}}],"collection":[{"href":"https:\/\/www.mystufshop.com\/index.php?rest_route=\/wp\/v2\/product"}],"about":[{"href":"https:\/\/www.mystufshop.com\/index.php?rest_route=\/wp\/v2\/types\/product"}],"replies":[{"embeddable":true,"href":"https:\/\/www.mystufshop.com\/index.php?rest_route=%2Fwp%2Fv2%2Fcomments&post=6197"}],"wp:featuredmedia":[{"embeddable":true,"href":"https:\/\/www.mystufshop.com\/index.php?rest_route=\/wp\/v2\/media\/6198"}],"wp:attachment":[{"href":"https:\/\/www.mystufshop.com\/index.php?rest_route=%2Fwp%2Fv2%2Fmedia&parent=6197"}],"wp:term":[{"taxonomy":"product_brand","embeddable":true,"href":"https:\/\/www.mystufshop.com\/index.php?rest_route=%2Fwp%2Fv2%2Fproduct_brand&post=6197"},{"taxonomy":"product_cat","embeddable":true,"href":"https:\/\/www.mystufshop.com\/index.php?rest_route=%2Fwp%2Fv2%2Fproduct_cat&post=6197"},{"taxonomy":"product_tag","embeddable":true,"href":"https:\/\/www.mystufshop.com\/index.php?rest_route=%2Fwp%2Fv2%2Fproduct_tag&post=6197"}],"curies":[{"name":"wp","href":"https:\/\/api.w.org\/{rel}","templated":true}]}}